{"id":1014,"date":"2022-01-04T00:00:46","date_gmt":"2022-01-03T23:00:46","guid":{"rendered":"http:\/\/www.acmu.net\/?page_id=1014"},"modified":"2022-01-04T00:04:33","modified_gmt":"2022-01-03T23:04:33","slug":"inicio","status":"publish","type":"page","link":"https:\/\/www.acmu.net\/","title":{"rendered":"Inicio"},"content":{"rendered":"\n<p class=\"has-text-color has-medium-font-size\" style=\"color:#b8122d\"><strong>BIENVENIDOS<\/strong><\/p>\n\n\n\n<p class=\"has-text-align-left\">Asociaci\u00f3n sin \u00e1nimo de lucro, que adem\u00e1s de sus fines cient\u00edficos de fomentar y promover el estudio e investigaci\u00f3n de las afecciones m\u00e9dico-quir\u00fargicas del aparato urinario de ambos sexos y del aparato genital masculino, suprarrenales, etc. y de todas las alteraciones derivadas de la patolog\u00eda de los mismos y desarrollar y difundir los conocimientos de la especialidad; asume como indisolublemente unida la defensa de la dignidad de la Especialidad de Urolog\u00eda y la actividad profesional de sus miembros. Considerando objetivo primordial impulsar las relaciones institucionales con otras Asociaciones de Urolog\u00eda, nacionales y auton\u00f3micas, inst\u00e1ndolas a implicarse en programas de defensa de la actividad profesional de los asociados, as\u00ed como favorecer las relaciones culturales y profesionales entre los mismos.<\/p>\n","protected":false},"excerpt":{"rendered":"<p>BIENVENIDOS Asociaci\u00f3n sin \u00e1nimo de lucro, que adem\u00e1s de sus fines cient\u00edficos de fomentar y promover el estudio e investigaci\u00f3n de las afecciones m\u00e9dico-quir\u00fargicas del aparato urinario de ambos sexos y del aparato genital masculino, suprarrenales, etc. y de todas las alteraciones derivadas de la patolog\u00eda de los mismos y desarrollar y difundir los conocimientos de la especialidad; asume como indisolublemente unida la defensa de la dignidad de la Especialidad&hellip; <\/p>\n","protected":false},"author":1,"featured_media":0,"parent":0,"menu_order":0,"comment_status":"closed","ping_status":"closed","template":"","meta":{"footnotes":""},"class_list":["post-1014","page","type-page","status-publish","hentry"],"_links":{"self":[{"href":"https:\/\/www.acmu.net\/index.php?rest_route=\/wp\/v2\/pages\/1014","targetHints":{"allow":["GET"]}}],"collection":[{"href":"https:\/\/www.acmu.net\/index.php?rest_route=\/wp\/v2\/pages"}],"about":[{"href":"https:\/\/www.acmu.net\/index.php?rest_route=\/wp\/v2\/types\/page"}],"author":[{"embeddable":true,"href":"https:\/\/www.acmu.net\/index.php?rest_route=\/wp\/v2\/users\/1"}],"replies":[{"embeddable":true,"href":"https:\/\/www.acmu.net\/index.php?rest_route=%2Fwp%2Fv2%2Fcomments&post=1014"}],"version-history":[{"count":2,"href":"https:\/\/www.acmu.net\/index.php?rest_route=\/wp\/v2\/pages\/1014\/revisions"}],"predecessor-version":[{"id":1016,"href":"https:\/\/www.acmu.net\/index.php?rest_route=\/wp\/v2\/pages\/1014\/revisions\/1016"}],"wp:attachment":[{"href":"https:\/\/www.acmu.net\/index.php?rest_route=%2Fwp%2Fv2%2Fmedia&parent=1014"}],"curies":[{"name":"wp","href":"https:\/\/api.w.org\/{rel}","templated":true}]}}