{"id":210,"date":"2018-05-22T13:31:52","date_gmt":"2018-05-22T13:31:52","guid":{"rendered":"http:\/\/www.acmu.net\/?page_id=210"},"modified":"2018-06-18T16:43:23","modified_gmt":"2018-06-18T14:43:23","slug":"aviso-legal","status":"publish","type":"page","link":"https:\/\/www.acmu.net\/?page_id=210","title":{"rendered":"Aviso legal"},"content":{"rendered":"<p align=\"JUSTIFY\">La informaci\u00f3n contenida en estas p\u00e1ginas web es la vigente en la fecha de su \u00faltima actualizaci\u00f3n y tiene que ser considerada como una informaci\u00f3n introductoria para el usuario, relativa a los productos y servicios y a otras informaciones que contienen estas p\u00e1ginas.<\/p>\n<p align=\"JUSTIFY\">Asociaci\u00f3n Castellano-Manchega de Urolog\u00edarechaza la responsabilidad que se derive de la mala utilizaci\u00f3n de los contenidos y se reserva el derecho a actualizarlos cuando quiera, a eliminarlos, limitarlos o impedir el acceso a ellos, de manera temporal o definitiva .<\/p>\n<p align=\"JUSTIFY\">Asociaci\u00f3n Castellano-Manchega de Urolog\u00eda rechaza la responsabilidad sobre cualquier informaci\u00f3n no contenida en estas p\u00e1ginas web y, por tanto, no elaborada por Asociaci\u00f3n Castellano-Manchega de Urolog\u00eda o no publicada con su nombre. De manera especial, rechaza la responsabilidad sobre la informaci\u00f3n contenida en p\u00e1ginas web de terceras personas conectadas por enlaces (links).<\/p>\n<p align=\"JUSTIFY\">Asociaci\u00f3n Castellano-Manchega de Urolog\u00eda no se hace responsable de los posibles errores de seguridad que se pudieran producir por el hecho de utilizar ordenadores infectados con Virus inform\u00e1ticos o de las consecuencias que se pudieran derivar del mal funcionamiento del navegador o por el uso de versiones no actualizadas de este.<\/p>\n<p align=\"JUSTIFY\">La reproducci\u00f3n, copia, uso, distribuci\u00f3n, comercializaci\u00f3n, comunicaci\u00f3n p\u00fablica o cualquier otra actividad que se pueda hacer con la informaci\u00f3n contenida en estas p\u00e1ginas web y que se realice sin autorizaci\u00f3n, es una infracci\u00f3n que castiga la legislaci\u00f3n vigente. La impresi\u00f3n de documentos no tendr\u00e1 validez legal.<\/p>\n","protected":false},"excerpt":{"rendered":"<p>La informaci\u00f3n contenida en estas p\u00e1ginas web es la vigente en la fecha de su \u00faltima actualizaci\u00f3n y tiene que ser considerada como una informaci\u00f3n introductoria para el usuario, relativa a los productos y servicios y a otras informaciones que contienen estas p\u00e1ginas. Asociaci\u00f3n Castellano-Manchega de Urolog\u00edarechaza la responsabilidad que se derive de la mala utilizaci\u00f3n de los contenidos y se reserva el derecho a actualizarlos cuando quiera, a eliminarlos,&hellip; <\/p>\n","protected":false},"author":1,"featured_media":0,"parent":0,"menu_order":0,"comment_status":"closed","ping_status":"closed","template":"","meta":{"footnotes":""},"class_list":["post-210","page","type-page","status-publish","hentry"],"_links":{"self":[{"href":"https:\/\/www.acmu.net\/index.php?rest_route=\/wp\/v2\/pages\/210","targetHints":{"allow":["GET"]}}],"collection":[{"href":"https:\/\/www.acmu.net\/index.php?rest_route=\/wp\/v2\/pages"}],"about":[{"href":"https:\/\/www.acmu.net\/index.php?rest_route=\/wp\/v2\/types\/page"}],"author":[{"embeddable":true,"href":"https:\/\/www.acmu.net\/index.php?rest_route=\/wp\/v2\/users\/1"}],"replies":[{"embeddable":true,"href":"https:\/\/www.acmu.net\/index.php?rest_route=%2Fwp%2Fv2%2Fcomments&post=210"}],"version-history":[{"count":3,"href":"https:\/\/www.acmu.net\/index.php?rest_route=\/wp\/v2\/pages\/210\/revisions"}],"predecessor-version":[{"id":537,"href":"https:\/\/www.acmu.net\/index.php?rest_route=\/wp\/v2\/pages\/210\/revisions\/537"}],"wp:attachment":[{"href":"https:\/\/www.acmu.net\/index.php?rest_route=%2Fwp%2Fv2%2Fmedia&parent=210"}],"curies":[{"name":"wp","href":"https:\/\/api.w.org\/{rel}","templated":true}]}}