{"id":212,"date":"2018-05-22T13:32:39","date_gmt":"2018-05-22T13:32:39","guid":{"rendered":"http:\/\/www.acmu.net\/?page_id=212"},"modified":"2019-03-24T23:42:07","modified_gmt":"2019-03-24T22:42:07","slug":"politica-de-privacidad-2","status":"publish","type":"page","link":"https:\/\/www.acmu.net\/?page_id=212","title":{"rendered":"Pol\u00edtica de Privacidad"},"content":{"rendered":"<p class=\"Estilo1\" align=\"justify\">PROTECCI\u00d3N DE BASE DE DATOS DE CAR\u00c1CTER PERSONAL La ASOCIACI\u00d3N CASTELLANO MANCHEGA DE UROLOG\u00cdA (en adelante, ACMU) inscrita en el Registro General de Asociaciones de la Junta de Castilla-La Mancha con el n\u00fam. 11.786, en cumplimiento de las estipulaciones de la Ley Org\u00e1nica 15\/1999, de 13 de diciembre, de Protecci\u00f3n de Datos de Car\u00e1cter Personal (LOPD), le informa que los datos que usted facilita en los distintos formularios de contacto que hay en esta p\u00e1gina web, quedar\u00e1n incorporados en un fichero automatizado de titularidad de ACMU y ser\u00e1n tratados por esta entidad con la finalidad de disponer de los datos actualizados de los socios de la ACMU. Cada vez que se produzcan cambios en alguno\/s de los datos que anteriormente usted ha facilitado a ACMU, debe proceder personalmente a actualizar los cambios habidos a trav\u00e9s de la revisi\u00f3n de un formulario y el suministro de los nuevos datos. ACMU se responsabiliza de actualizar el fichero automatizado donde constan sus datos personales, eliminando los datos anteriores objeto de cambio e incorporando los nuevos. Con el env\u00edo del formulario cumplimentado de \u00abQuiero hacerme socio\u00bb a ACMU el interesado otorga su consentimiento para que ACMU pueda disponer de sus datos personales para la finalidad antes expuesta. Sin embargo, y de acuerdo con el art\u00edculo 6 de la LOPD, el interesado puede revocar, previa solicitud justificada, su consentimiento para el tratamiento de los datos personales facilitados o bien ejercitar los derechos de acceso, rectificaci\u00f3n, cancelaci\u00f3n y\/o oposici\u00f3n respecto de los datos facilitados. Para ejercitar estos derechos, es preciso que la persona interesada se dirija mediante un correo electr\u00f3nico a la siguiente direcci\u00f3n: \u00abdireccion@acmu.net\u00bb. El afectado deber\u00e1 aportar documentaci\u00f3n acreditativa de su identidad. Por su parte, ACMU se compromete que los datos facilitados ser\u00e1n tratados de forma totalmente confidencial y, seg\u00fan todas las medidas de seguridad establecidas por la Ley, con el fin de evitar accesos y tratamientos no autorizados. ACMU le informa que sus datos no ser\u00e1n utilizados para otros usos que no sean estrictamente el de proceder a la modificaci\u00f3n y actualizaci\u00f3n de los datos aportados por los usuarios. En cumplimiento del art\u00edculo 12.2 de la Ley 34\/2002, de 11 de julio, de Servicios de la Sociedad de la Informaci\u00f3n y de Comercio Electr\u00f3nico, ACMU retendr\u00e1 durante un periodo m\u00e1ximo de doce meses aquellos datos imprescindibles para identificar el origen de los datos alojados y el momento en que se inici\u00f3 la prestaci\u00f3n del servicio. La obligaci\u00f3n de retenci\u00f3n de los datos no afectar\u00e1 al secreto de las comunicaciones. Los datos retenidos lo ser\u00e1n a efectos de seguridad, y no ser\u00e1n utilizados para fines distintos de los indicados en la citada ley. La informaci\u00f3n contenida en estas p\u00e1ginas web es la vigente en la fecha de su \u00faltima actualizaci\u00f3n y tiene que ser considerada como una informaci\u00f3n introductoria para el usuario, relativa a los productos y servicios y a otras informaciones que contienen estas p\u00e1ginas.<\/p>\n","protected":false},"excerpt":{"rendered":"<p>PROTECCI\u00d3N DE BASE DE DATOS DE CAR\u00c1CTER PERSONAL La ASOCIACI\u00d3N CASTELLANO MANCHEGA DE UROLOG\u00cdA (en adelante, ACMU) inscrita en el Registro General de Asociaciones de la Junta de Castilla-La Mancha con el n\u00fam. 11.786, en cumplimiento de las estipulaciones de la Ley Org\u00e1nica 15\/1999, de 13 de diciembre, de Protecci\u00f3n de Datos de Car\u00e1cter Personal (LOPD), le informa que los datos que usted facilita en los distintos formularios de contacto&hellip; <\/p>\n","protected":false},"author":1,"featured_media":0,"parent":0,"menu_order":0,"comment_status":"closed","ping_status":"closed","template":"","meta":{"footnotes":""},"class_list":["post-212","page","type-page","status-publish","hentry"],"_links":{"self":[{"href":"https:\/\/www.acmu.net\/index.php?rest_route=\/wp\/v2\/pages\/212","targetHints":{"allow":["GET"]}}],"collection":[{"href":"https:\/\/www.acmu.net\/index.php?rest_route=\/wp\/v2\/pages"}],"about":[{"href":"https:\/\/www.acmu.net\/index.php?rest_route=\/wp\/v2\/types\/page"}],"author":[{"embeddable":true,"href":"https:\/\/www.acmu.net\/index.php?rest_route=\/wp\/v2\/users\/1"}],"replies":[{"embeddable":true,"href":"https:\/\/www.acmu.net\/index.php?rest_route=%2Fwp%2Fv2%2Fcomments&post=212"}],"version-history":[{"count":2,"href":"https:\/\/www.acmu.net\/index.php?rest_route=\/wp\/v2\/pages\/212\/revisions"}],"predecessor-version":[{"id":708,"href":"https:\/\/www.acmu.net\/index.php?rest_route=\/wp\/v2\/pages\/212\/revisions\/708"}],"wp:attachment":[{"href":"https:\/\/www.acmu.net\/index.php?rest_route=%2Fwp%2Fv2%2Fmedia&parent=212"}],"curies":[{"name":"wp","href":"https:\/\/api.w.org\/{rel}","templated":true}]}}