{"id":261,"date":"2018-05-22T18:39:38","date_gmt":"2018-05-22T18:39:38","guid":{"rendered":"http:\/\/www.acmu.net\/?page_id=261"},"modified":"2019-12-28T17:46:32","modified_gmt":"2019-12-28T16:46:32","slug":"hospitales-de-la-comunidad","status":"publish","type":"page","link":"https:\/\/www.acmu.net\/?page_id=261","title":{"rendered":"Hospitales"},"content":{"rendered":"<ul>\n<li><a href=\"http:\/\/www.hgucr.es\">Hospitalario General Universitario de Ciudad Real<\/a><\/li>\n<li><a href=\"http:\/\/www.chospab.es\">Complejo Hospitalario Universitario de Albacete <\/a><\/li>\n<li><a href=\"http:\/\/www.hvluz.es\">Hospital Virgen de la Luz de Cuenca <\/a><\/li>\n<li><a href=\"http:\/\/hnparaplejicos.sescam.castillalamancha.es\">Hospital Nacional de Parapl\u00e9jicos <\/a><\/li>\n<li><a href=\"http:\/\/www.cht.es\/cht\/cm\/cht\">Complejo Hospitalario de Toledo <\/a><\/li>\n<li><a href=\"http:\/\/hugu.sescam.jccm.es\/\">Hospital Universitario de Guadalajara <\/a><\/li>\n<li><a href=\"http:\/\/www.areasaludtalavera.es\/\">Hospital General Nuestra Se\u00f1ora del Prado. Talavera <\/a><\/li>\n<li><a href=\"http:\/\/hgvillarrobledo.sescam.jccm.es\/hgv\/cm\/villarrobledo\">Hospital General de Villarrobledo <\/a><\/li>\n<li><a href=\"http:\/\/hgalmansa.sescam.jccm.es\/halm\/cm\/almansa\">Hospital General de Almansa <\/a><\/li>\n<li><a href=\"http:\/\/hhellin.sescam.jccm.es\/portal\/cm\/hellin\">Hospital General de Hell\u00edn<\/a><\/li>\n<li>Hospital General de Alc\u00e1zar de San Juan<\/li>\n<li>Hospital General de Valdepe\u00f1as<\/li>\n<li>Hospital General de Tomelloso<\/li>\n<li>Hospital General de Manzanares<\/li>\n<li>Hospital General de Puertollano<\/li>\n<\/ul>\n","protected":false},"excerpt":{"rendered":"<p>Hospitalario General Universitario de Ciudad Real Complejo Hospitalario Universitario de Albacete Hospital Virgen de la Luz de Cuenca Hospital Nacional de Parapl\u00e9jicos Complejo Hospitalario de Toledo Hospital Universitario de Guadalajara Hospital General Nuestra Se\u00f1ora del Prado. Talavera Hospital General de Villarrobledo Hospital General de Almansa Hospital General de Hell\u00edn Hospital General de Alc\u00e1zar de San Juan Hospital General de Valdepe\u00f1as Hospital General de Tomelloso Hospital General de Manzanares Hospital General&hellip; <\/p>\n","protected":false},"author":1,"featured_media":0,"parent":0,"menu_order":0,"comment_status":"closed","ping_status":"closed","template":"","meta":{"footnotes":""},"class_list":["post-261","page","type-page","status-publish","hentry"],"_links":{"self":[{"href":"https:\/\/www.acmu.net\/index.php?rest_route=\/wp\/v2\/pages\/261","targetHints":{"allow":["GET"]}}],"collection":[{"href":"https:\/\/www.acmu.net\/index.php?rest_route=\/wp\/v2\/pages"}],"about":[{"href":"https:\/\/www.acmu.net\/index.php?rest_route=\/wp\/v2\/types\/page"}],"author":[{"embeddable":true,"href":"https:\/\/www.acmu.net\/index.php?rest_route=\/wp\/v2\/users\/1"}],"replies":[{"embeddable":true,"href":"https:\/\/www.acmu.net\/index.php?rest_route=%2Fwp%2Fv2%2Fcomments&post=261"}],"version-history":[{"count":11,"href":"https:\/\/www.acmu.net\/index.php?rest_route=\/wp\/v2\/pages\/261\/revisions"}],"predecessor-version":[{"id":862,"href":"https:\/\/www.acmu.net\/index.php?rest_route=\/wp\/v2\/pages\/261\/revisions\/862"}],"wp:attachment":[{"href":"https:\/\/www.acmu.net\/index.php?rest_route=%2Fwp%2Fv2%2Fmedia&parent=261"}],"curies":[{"name":"wp","href":"https:\/\/api.w.org\/{rel}","templated":true}]}}