{"id":263,"date":"2018-05-22T18:39:55","date_gmt":"2018-05-22T18:39:55","guid":{"rendered":"http:\/\/www.acmu.net\/?page_id=263"},"modified":"2018-05-31T10:38:35","modified_gmt":"2018-05-31T10:38:35","slug":"revistas","status":"publish","type":"page","link":"https:\/\/www.acmu.net\/?page_id=263","title":{"rendered":"Revistas"},"content":{"rendered":"<ul>\n<li><a href=\"http:\/\/aeurologia.com\/\">Archivos Espa\u00f1oles de Urolog\u00eda<\/a><\/li>\n<li><a href=\"http:\/\/www.elsevier.es\/es-revista-actas-urologicas-espanolas-292\">Actas Urol\u00f3gicas <\/a><\/li>\n<li><a href=\"https:\/\/www.europeanurology.com\/\">European Urology <\/a><\/li>\n<li><a href=\"http:\/\/www.bjuinternational.com\/\">British Journal of Urology <\/a><\/li>\n<li><a href=\"http:\/\/www.jurology.com\/\">Journal of Urology<\/a><\/li>\n<\/ul>\n","protected":false},"excerpt":{"rendered":"<p>Archivos Espa\u00f1oles de Urolog\u00eda Actas Urol\u00f3gicas European Urology British Journal of Urology Journal of Urology<\/p>\n","protected":false},"author":1,"featured_media":0,"parent":0,"menu_order":0,"comment_status":"closed","ping_status":"closed","template":"","meta":{"footnotes":""},"class_list":["post-263","page","type-page","status-publish","hentry"],"_links":{"self":[{"href":"https:\/\/www.acmu.net\/index.php?rest_route=\/wp\/v2\/pages\/263","targetHints":{"allow":["GET"]}}],"collection":[{"href":"https:\/\/www.acmu.net\/index.php?rest_route=\/wp\/v2\/pages"}],"about":[{"href":"https:\/\/www.acmu.net\/index.php?rest_route=\/wp\/v2\/types\/page"}],"author":[{"embeddable":true,"href":"https:\/\/www.acmu.net\/index.php?rest_route=\/wp\/v2\/users\/1"}],"replies":[{"embeddable":true,"href":"https:\/\/www.acmu.net\/index.php?rest_route=%2Fwp%2Fv2%2Fcomments&post=263"}],"version-history":[{"count":4,"href":"https:\/\/www.acmu.net\/index.php?rest_route=\/wp\/v2\/pages\/263\/revisions"}],"predecessor-version":[{"id":327,"href":"https:\/\/www.acmu.net\/index.php?rest_route=\/wp\/v2\/pages\/263\/revisions\/327"}],"wp:attachment":[{"href":"https:\/\/www.acmu.net\/index.php?rest_route=%2Fwp%2Fv2%2Fmedia&parent=263"}],"curies":[{"name":"wp","href":"https:\/\/api.w.org\/{rel}","templated":true}]}}