{"id":367,"date":"2018-05-31T14:56:15","date_gmt":"2018-05-31T14:56:15","guid":{"rendered":"http:\/\/www.acmu.net\/?page_id=367"},"modified":"2024-03-19T09:57:08","modified_gmt":"2024-03-19T08:57:08","slug":"investigacion","status":"publish","type":"page","link":"https:\/\/www.acmu.net\/?page_id=367","title":{"rendered":"Investigaci\u00f3n"},"content":{"rendered":"<h3><strong><span style=\"color: #800000;\">CONVOCATORIO DE BECA DE INVESTIGACI\u00d3N 2024-2025<\/span><\/strong><\/h3>\n<p style=\"font-weight: 400;\">\u00a0La Asociaci\u00f3n Castellano Manchega de Urolog\u00eda con el fin de fomentar la investigaci\u00f3n en el campo de nuestra especialidad dentro de nuestra Comunidad Aut\u00f3noma, CONVOCA una beca de investigaci\u00f3n para investigadores noveles en base a los siguientes puntos:<\/p>\n<p style=\"font-weight: 400;\">1\u00ba. La dotaci\u00f3n econ\u00f3mica de la beca es de 7.500 \u20ac. Dicho importe estar\u00e1 destinado a los gastos de desarrollo de un Proyecto de Investigaci\u00f3n (PI), cl\u00ednico o traslacional, en Ciencias de la Salud dentro del \u00c1rea de Conocimiento de Urolog\u00eda. No se considerar\u00e1n gastos financiables:<\/p>\n<ul>\n<li>Contrataci\u00f3n de personal con cargo al proyecto<\/li>\n<li>Adquisici\u00f3n de equipos o tecnolog\u00eda destinada a asistencia habitual o Material inform\u00e1tico<\/li>\n<li>Asistencia a congresos<\/li>\n<\/ul>\n<p style=\"font-weight: 400;\">2\u00ba. El importe y pago de los gastos se realizar\u00e1n previa justificaci\u00f3n de los mismos.<\/p>\n<p style=\"font-weight: 400;\">3\u00ba. La duraci\u00f3n de realizaci\u00f3n del PI es de dos a\u00f1os, pudiendo prorrogarse un a\u00f1o m\u00e1s.<\/p>\n<p style=\"font-weight: 400;\">4\u00ba. En toda la producci\u00f3n cient\u00edfica que se genere y publique, deber\u00e1 constar que el estudio ha sido financiado, total o parcialmente, por la Asociaci\u00f3n Castellano-Manchega de Urolog\u00eda (ACMU).<\/p>\n<p style=\"font-weight: 400;\">5\u00ba. El investigador principal (IP), no debe haber figurado como IP en ning\u00fan proyecto previo financiado, ya sea por entidades p\u00fablicas o privadas.<\/p>\n<p style=\"font-weight: 400;\">6\u00ba. El IP debe ser socio de la ACMU al menos desde 1 a\u00f1o antes de la presente convocatoria y estar al corriente de sus cuotas.<\/p>\n<p style=\"font-weight: 400;\">7\u00ba. Ning\u00fan m\u00e9dico residente puede figurar como IP, pero s\u00ed podr\u00e1 figurar como miembro del equipo investigador.<\/p>\n<p style=\"font-weight: 400;\">8\u00ba. El IP est\u00e1 obligado a presentar a la Junta Directiva de la ACMU una memoria anual y final de su proyecto, tanto cient\u00edfica como econ\u00f3mica.<\/p>\n<p style=\"font-weight: 400;\">9\u00ba. Los interesados deber\u00e1n presentar antes del 30 de agosto de 2024 una memoria en el siguiente formato y en la que consten:<\/p>\n<ul>\n<li>T\u00edtulo y resumen del PI (un folio)<\/li>\n<li>Equipo investigador con DNI y firmas de consentimiento (un folio) o Antecedentes y estado actual del tema (3 folios) o Bibliograf\u00eda (un folio)<\/li>\n<li>Hip\u00f3tesis y Objetivos (un folio)<\/li>\n<li>Sujetos, Metodolog\u00eda a utilizar, descripci\u00f3n de variables y limitaciones del estudio (3 folios)<\/li>\n<li>Cronograma detallado (un folio)<\/li>\n<li>Descripci\u00f3n de las tareas a realizar por cada investigador (un folio) o Experiencia previa del equipo (un folio) o Utilidad pr\u00e1ctica de los resultados que se esperan obtener. o Medios disponibles para la realizaci\u00f3n del estudio o Presupuesto detallado por partidas y anualidades. o Curriculum vitae en formato normalizado en cualquiera de los formatos siguientes: FIS, FIU o FECYT, de todos los participantes del estudio<\/li>\n<li>Autorizaci\u00f3n de dicho estudio por parte del Comit\u00e9 \u00c9tico de Investigaci\u00f3n Cl\u00ednica o Comit\u00e9 \u00c9tico de Investigaci\u00f3n Animal (si incluyese estudio con animales) y de la Comisi\u00f3n de Investigaci\u00f3n o Gerencia (si no la hubiera en el centro de realizaci\u00f3n)<\/li>\n<\/ul>\n<p style=\"font-weight: 400;\">Los interesados remitir\u00e1n en formato pdf un fichero con la memoria del proyecto y los diferentes los CV de los participantes. Se dirigir\u00e1n al Presidente o al Vocal de Actividades Cient\u00edficas antes de las 24 horas del d\u00eda 31 de agosto de 2024 a las siguientes direcciones:<\/p>\n<p style=\"font-weight: 400;\"><span style=\"color: #000000;\">Dr. Antonio S. Salinas S\u00e1nchez<\/span><\/p>\n<p style=\"font-weight: 400;\">Servicio de Urolog\u00eda<\/p>\n<p style=\"font-weight: 400;\">Hospital General Universitario de Albacete Calle Hermanos Falc\u00f3 n\u00ba 37.\u00a0 02006 ALBACETE<\/p>\n<p style=\"font-weight: 400;\"><u>assalinas@sescam.jccm.es<\/u><\/p>\n<p style=\"font-weight: 400;\"><span style=\"color: #000000;\">Dr. Jos\u00e9 Miguel Gim\u00e9nez Bachs<\/span><\/p>\n<p style=\"font-weight: 400;\">Servicio de Urolog\u00eda<\/p>\n<p style=\"font-weight: 400;\">Hospital General Universitario de Albacete Calle Hermanos Falc\u00f3 n\u00ba 37.\u00a0 02006 ALBACETE<\/p>\n<p style=\"font-weight: 400;\"><u>gbjosem@sescam.jccm.es<\/u><\/p>\n<p style=\"font-weight: 400;\">La junta Directiva de la ACMU valorar\u00e1 las propuestas presentadas, pudiendo solicitar asesoramiento externo. Una vez realizada dicha valoraci\u00f3n emitir\u00e1 un fallo inapelable, que ser\u00e1 comunicado al IP y se har\u00e1 p\u00fablico en el pr\u00f3ximo Congreso Regional de la ACMU a celebrar en octubre de 2024 en Guadalajara.<\/p>\n<p>Puede descargar en el siguiente enlace: <a href=\"https:\/\/www.acmu.net\/docs\/BASESINVESTIGACION2024.pdf\">Bases de la convocatoria<\/a><\/p>\n<h3><span style=\"color: #800000;\"><strong>CONVOCATORIA DE PROYECTO DE INVESTIGACI\u00d3N DE LA ASOCIACI\u00d3N CASTELLANO-MANCHEGA DE UROLOG\u00cdA 2022<\/strong><\/span><\/h3>\n<p>La Asociaci\u00f3n Castellano Manchega de Urolog\u00eda con el fin de fomentar la investigaci\u00f3n en el campo de nuestra especialidad dentro de nuestra Comunidad Aut\u00f3noma, CONVOCA una beca de investigaci\u00f3n para investigadores noveles en base a los siguientes puntos:<br \/>\n1\u00ba La dotaci\u00f3n econ\u00f3mica de la beca es de 7.500 \u20ac. Dicho importe estar\u00e1 destinado a los gastos de desarrollo de un Proyecto de Investigaci\u00f3n (PI), cl\u00ednico o traslacional, en Ciencias de la Salud dentro del \u00c1rea de Conocimiento de Urolog\u00eda. No se considerar\u00e1n gastos financiables:<br \/>\n&#8211; Contrataci\u00f3n de personal con cargo al proyecto<br \/>\n&#8211; Adquisici\u00f3n de equipos o tecnolog\u00eda destinada a asistencia habitual o Material inform\u00e1tico<br \/>\n&#8211; Asistencia a congresos<br \/>\n2\u00ba El importe y pago de los gastos se realizar\u00e1n previa justificaci\u00f3n de los mismos.<br \/>\n3\u00ba La duraci\u00f3n de realizaci\u00f3n del PI es de dos a\u00f1os, pudiendo prorrogarse un a\u00f1o m\u00e1s.<br \/>\n4\u00ba En toda la producci\u00f3n cient\u00edfica que se genere y publique, deber\u00e1 constar que el estudio ha sido financiado, total o parcialmente, por la Asociaci\u00f3n Castellano-Manchega de Urolog\u00eda (ACMU).<br \/>\n5\u00ba El investigador principal (IP), no debe haber figurado como IP en ning\u00fan proyecto previo financiado, ya sea por entidades p\u00fablicas o privadas.<br \/>\n6\u00ba El IP debe ser socio de la ACMU y estar al corriente de sus cuotas.<br \/>\n7\u00ba Ning\u00fan m\u00e9dico residente puede figurar como IP, pero s\u00ed podr\u00e1 figurar como miembro del equipo investigador.<br \/>\n8\u00ba El IP est\u00e1 obligado a presentar a la Junta Directiva de la ACMU una memoria anual y final de su proyecto, tanto cient\u00edfica como econ\u00f3mica.<br \/>\n9\u00baLos interesados deber\u00e1n presentar antes del 30 de octubre de 2022 una memoria en el siguiente formato y en la que consten:<br \/>\no T\u00edtulo y resumen del PI (un folio)<br \/>\no Equipo investigador con DNI y firmas de consentimiento (un folio) o Antecedentes y estado actual del tema (3 folios)<br \/>\no Bibliograf\u00eda (un folio)<br \/>\no Hip\u00f3tesis y Objetivos (un folio)<br \/>\no Sujetos,Metodolog\u00edaautilizar,descripci\u00f3ndevariablesylimitacionesdel estudio (3 folios)<br \/>\no Cronograma detallado (un folio)<\/p>\n<p>o Descripci\u00f3n de las tareas a realizar por cada investigador (un folio)<br \/>\no Experiencia previa del equipo (un folio)<br \/>\no Utilidad pr\u00e1ctica de los resultados que se esperan obtener.<br \/>\no Medios disponibles para la realizaci\u00f3n del estudio<br \/>\no Presupuesto detallado por partidas y anualidades.<br \/>\no Curriculum vitae en formato normalizado en cualquiera de los formatos<br \/>\nsiguientes: FIS, FIU o FECYT, de todos los participantes del estudio<br \/>\no Autorizaci\u00f3ndedichoestudioporpartedelComit\u00e9\u00c9ticodeInvestigaci\u00f3n Cl\u00ednica o Comit\u00e9 \u00c9tico de Investigaci\u00f3n Animal (si incluyese estudio con animales) y de la Comisi\u00f3n de Investigaci\u00f3n o Gerencia (si no la hubiera<br \/>\nen el centro de realizaci\u00f3n)<\/p>\n<p>Los interesados remitir\u00e1n en formato pdf un fichero con la memoria del proyecto y los diferentes los CV de los participantes. Se dirigir\u00e1n al Presiente o al Vocal de Actividades Cient\u00edficas antes de las 24 horas del d\u00eda 30 de octubre de 2022 a las siguientes direcciones:<\/p>\n<p><strong>Dr. Antonio S. Salinas S\u00e1nchez<\/strong><br \/>\nServicio de Urolog\u00eda<br \/>\nHospital General Universitario de Albacete Calle Hermanos Falc\u00f3 no 37.<br \/>\n02006 ALBACETE assalinas@sescam.jccm.es<\/p>\n<p><strong>Dr. Jos\u00e9 Miguel Gim\u00e9nez Bachs<\/strong><br \/>\nServicio de Urolog\u00eda<br \/>\nHospital General Universitario de Albacete Calle Hermanos Falc\u00f3 no 37.<br \/>\n02006 ALBACETE gbjosem@sescam.jccm.es<\/p>\n<p>La junta Directiva de la ACMU valorar\u00e1 las propuestas presentadas, pudiendo solicitar asesoramiento externo. Una vez realizada dicha valoraci\u00f3n emitir\u00e1 un fallo inapelable, que ser\u00e1 comunicado al IP.<\/p>\n<h3><span style=\"color: #800000;\"><strong><br \/>\nCONVOCATORIA DE BECA DE INVESTIGACI\u00d3N 2019-2020<\/strong><\/span><\/h3>\n<p>La Asociaci\u00f3n Castellano Manchega de Urolog\u00eda con el fin de fomentar la investigaci\u00f3n en el campo de nuestra especialidad dentro de nuestra Comunidad Aut\u00f3noma, CONVOCA una beca de investigaci\u00f3n para investigadores noveles:<\/p>\n<p>Consulte las bases en el siguiente enlace: <a href=\"https:\/\/www.acmu.net\/docs\/BECA INVESTIGACION 2019.pdf\" data-wplink-url-error=\"true\">Bases<\/a><\/p>\n<h3><\/h3>\n<h3><span style=\"color: #800000;\"><strong>RESOLUCI\u00d3N DE LA CONVOCATORIA 2018-2019<\/strong><\/span><\/h3>\n<p>Al no haber ning\u00fan candidato la Asociaci\u00f3n Castellano Manchega de Urolog\u00eda ha dejado desierta la beca de este curso.<\/p>\n<p>Permanezcan atentos a siguientes convocatorias<\/p>\n<h3><\/h3>\n<h3 style=\"text-align: justify;\"><strong><span style=\"color: #800000;\">RESOLUCI\u00d3N DE LA CONVOCATORIA 2017-2018<\/span><\/strong><\/h3>\n<p style=\"text-align: justify;\">La Asociaci\u00f3n Castellano Manchega de Urolog\u00eda ha becado los siguientes proyectos de investigaci\u00f3n para el per\u00edodo 2017-2018:<\/p>\n<ul style=\"text-align: justify;\">\n<li>\u00ab<span style=\"color: #000080;\"><em>Aproximaciones metab\u00f3licas en pacientes con adenocarcinoma de pr\u00f3stata , b\u00fasqueda de marcadores pron\u00f3sticos en funci\u00f3n del riesgo cl\u00ednico<\/em><\/span>\u00ab.<\/li>\n<\/ul>\n<p style=\"text-align: justify;\">Investigadora principal: <span style=\"color: #000000;\">Leticia Moreillo Vicente<\/span><\/p>\n<ul style=\"text-align: justify;\">\n<li>\u00ab<span style=\"color: #000080;\"><em>Utilidad cl\u00ednica de la detecci\u00f3n y cuantificaci\u00f3n de ADN y ARN en plasma de pacientes con carcinoma de c\u00e9lulas claras (CCR) al a\u00f1o de seguimiento tras su intervenci\u00f3n<\/em><\/span>\u00ab.<\/li>\n<\/ul>\n<p style=\"text-align: justify;\">Investigador principal: <span style=\"color: #000000;\">Carlos Mart\u00ednez Sanchiz<\/span><\/p>\n<h3 style=\"text-align: justify;\"><\/h3>\n<h6 style=\"text-align: justify;\"><\/h6>\n<p style=\"text-align: justify;\">\n","protected":false},"excerpt":{"rendered":"<p>CONVOCATORIO DE BECA DE INVESTIGACI\u00d3N 2024-2025 \u00a0La Asociaci\u00f3n Castellano Manchega de Urolog\u00eda con el fin de fomentar la investigaci\u00f3n en el campo de nuestra especialidad dentro de nuestra Comunidad Aut\u00f3noma, CONVOCA una beca de investigaci\u00f3n para investigadores noveles en base a los siguientes puntos: 1\u00ba. La dotaci\u00f3n econ\u00f3mica de la beca es de 7.500 \u20ac. Dicho importe estar\u00e1 destinado a los gastos de desarrollo de un Proyecto de Investigaci\u00f3n (PI),&hellip; <\/p>\n","protected":false},"author":1,"featured_media":0,"parent":0,"menu_order":0,"comment_status":"closed","ping_status":"closed","template":"","meta":{"footnotes":""},"class_list":["post-367","page","type-page","status-publish","hentry"],"_links":{"self":[{"href":"https:\/\/www.acmu.net\/index.php?rest_route=\/wp\/v2\/pages\/367","targetHints":{"allow":["GET"]}}],"collection":[{"href":"https:\/\/www.acmu.net\/index.php?rest_route=\/wp\/v2\/pages"}],"about":[{"href":"https:\/\/www.acmu.net\/index.php?rest_route=\/wp\/v2\/types\/page"}],"author":[{"embeddable":true,"href":"https:\/\/www.acmu.net\/index.php?rest_route=\/wp\/v2\/users\/1"}],"replies":[{"embeddable":true,"href":"https:\/\/www.acmu.net\/index.php?rest_route=%2Fwp%2Fv2%2Fcomments&post=367"}],"version-history":[{"count":24,"href":"https:\/\/www.acmu.net\/index.php?rest_route=\/wp\/v2\/pages\/367\/revisions"}],"predecessor-version":[{"id":1205,"href":"https:\/\/www.acmu.net\/index.php?rest_route=\/wp\/v2\/pages\/367\/revisions\/1205"}],"wp:attachment":[{"href":"https:\/\/www.acmu.net\/index.php?rest_route=%2Fwp%2Fv2%2Fmedia&parent=367"}],"curies":[{"name":"wp","href":"https:\/\/api.w.org\/{rel}","templated":true}]}}