{"id":379,"date":"2018-05-31T16:10:07","date_gmt":"2018-05-31T16:10:07","guid":{"rendered":"http:\/\/www.acmu.net\/?page_id=379"},"modified":"2023-01-29T18:20:38","modified_gmt":"2023-01-29T17:20:38","slug":"empleo-2","status":"publish","type":"page","link":"https:\/\/www.acmu.net\/?page_id=379","title":{"rendered":"Empleo"},"content":{"rendered":"<h3><strong><span style=\"color: #800000;\">OFERTAS DE EMPLEO<\/span><\/strong><\/h3>\n<p><strong>Oferta de Trabajo<\/strong><\/p>\n<p>Se precisan <strong>2 Ur\u00f3logos<\/strong> para cubrir bajas por maternidad .<\/p>\n<p>Contrato de <strong>9 meses<\/strong> prorrogables.<\/p>\n<p>Se inaugurar\u00e1 este a\u00f1o el nuevo hospital y muy probablemente haya un aumento de plantilla .<\/p>\n<p>Proyecto muy ilusionante .<\/p>\n<p>Facultativo Especialista en Urolog\u00eda.<\/p>\n<p>Hospital Virgen de la Luz.<br \/>\nLocalidad: Cuenca<\/p>\n<p>Imprescindible t\u00edtulo por v\u00eda MIR<\/p>\n<p><strong>Incorporaci\u00f3n inmediata<br \/>\n<\/strong><\/p>\n<p>Contacto<strong>:<br \/>\nM\u00f3nica de Cabo Ripoll. Jefa de Servicio.<\/strong><\/p>\n<h4><span style=\"color: #0000ff;\"><strong><a style=\"color: #0000ff;\" href=\"mailto:aprivendel1969@hotmail.com\">Pulse aqu\u00ed para enviar un email<\/a><\/strong><\/span><\/h4>\n<h3><strong><span style=\"color: #800000;\">BOLSA DE EMPLEO<\/span><\/strong><\/h3>\n<p>Consulta el baremo del Personal Sanitario Licenciado<\/p>\n<p><a href=\"http:\/\/sescam.castillalamancha.es\/profesionales\/atencion-al-profesional\/bolsas-constituidas\/baremos\/personal-sanitario-licenciados\" target=\"_blank\" rel=\"noopener noreferrer\"><img loading=\"lazy\" decoding=\"async\" class=\"aligncenter wp-image-383 size-full\" src=\"https:\/\/www.acmu.net\/wp-content\/uploads\/2018\/05\/Captura-de-pantalla-2018-05-31-a-las-18.11.19-e1527783360302.png\" alt=\"\" width=\"150\" height=\"44\" \/><\/a><\/p>\n","protected":false},"excerpt":{"rendered":"<p>OFERTAS DE EMPLEO Oferta de Trabajo Se precisan 2 Ur\u00f3logos para cubrir bajas por maternidad . Contrato de 9 meses prorrogables. Se inaugurar\u00e1 este a\u00f1o el nuevo hospital y muy probablemente haya un aumento de plantilla . Proyecto muy ilusionante . Facultativo Especialista en Urolog\u00eda. Hospital Virgen de la Luz. Localidad: Cuenca Imprescindible t\u00edtulo por v\u00eda MIR Incorporaci\u00f3n inmediata Contacto: M\u00f3nica de Cabo Ripoll. Jefa de Servicio. Pulse aqu\u00ed para&hellip; <\/p>\n","protected":false},"author":1,"featured_media":0,"parent":0,"menu_order":0,"comment_status":"closed","ping_status":"closed","template":"","meta":{"footnotes":""},"class_list":["post-379","page","type-page","status-publish","hentry"],"_links":{"self":[{"href":"https:\/\/www.acmu.net\/index.php?rest_route=\/wp\/v2\/pages\/379","targetHints":{"allow":["GET"]}}],"collection":[{"href":"https:\/\/www.acmu.net\/index.php?rest_route=\/wp\/v2\/pages"}],"about":[{"href":"https:\/\/www.acmu.net\/index.php?rest_route=\/wp\/v2\/types\/page"}],"author":[{"embeddable":true,"href":"https:\/\/www.acmu.net\/index.php?rest_route=\/wp\/v2\/users\/1"}],"replies":[{"embeddable":true,"href":"https:\/\/www.acmu.net\/index.php?rest_route=%2Fwp%2Fv2%2Fcomments&post=379"}],"version-history":[{"count":15,"href":"https:\/\/www.acmu.net\/index.php?rest_route=\/wp\/v2\/pages\/379\/revisions"}],"predecessor-version":[{"id":1186,"href":"https:\/\/www.acmu.net\/index.php?rest_route=\/wp\/v2\/pages\/379\/revisions\/1186"}],"wp:attachment":[{"href":"https:\/\/www.acmu.net\/index.php?rest_route=%2Fwp%2Fv2%2Fmedia&parent=379"}],"curies":[{"name":"wp","href":"https:\/\/api.w.org\/{rel}","templated":true}]}}