{"id":40,"date":"2018-05-18T17:17:25","date_gmt":"2018-05-18T17:17:25","guid":{"rendered":"http:\/\/www.acmu.net\/?page_id=40"},"modified":"2022-11-19T22:26:27","modified_gmt":"2022-11-19T21:26:27","slug":"junta","status":"publish","type":"page","link":"https:\/\/www.acmu.net\/?page_id=40","title":{"rendered":"Junta"},"content":{"rendered":"\n<div class=\"wp-block-media-text alignwide is-stacked-on-mobile\" style=\"grid-template-columns:15% auto\"><figure class=\"wp-block-media-text__media\"><img loading=\"lazy\" decoding=\"async\" width=\"768\" height=\"1024\" src=\"https:\/\/www.acmu.net\/wp-content\/uploads\/2022\/11\/WhatsApp-Image-2022-11-18-at-12.06.38-PM.jpeg\" alt=\"\" class=\"wp-image-1139 size-full\" srcset=\"https:\/\/www.acmu.net\/wp-content\/uploads\/2022\/11\/WhatsApp-Image-2022-11-18-at-12.06.38-PM.jpeg 768w, https:\/\/www.acmu.net\/wp-content\/uploads\/2022\/11\/WhatsApp-Image-2022-11-18-at-12.06.38-PM-225x300.jpeg 225w\" sizes=\"auto, (max-width: 768px) 100vw, 768px\" \/><\/figure><div class=\"wp-block-media-text__content\">\n<p class=\"has-very-light-gray-color has-cyan-bluish-gray-background-color has-text-color has-background\"><strong>PRESIDENTE<\/strong><\/p>\n\n\n\n<p><strong><strong>Antonio Santiago Salinas S\u00e1nchez<\/strong><br><\/strong>Hospital General de Albacete<br>02006 Albacete<br>967.597.100 <\/p>\n<\/div><\/div>\n\n\n\n<div class=\"wp-block-media-text alignwide is-stacked-on-mobile\" style=\"grid-template-columns:15% auto\"><figure class=\"wp-block-media-text__media\"><img loading=\"lazy\" decoding=\"async\" width=\"188\" height=\"165\" src=\"https:\/\/www.acmu.net\/wp-content\/uploads\/2018\/05\/logo_acmu.gif\" alt=\"\" class=\"wp-image-101 size-full\"\/><\/figure><div class=\"wp-block-media-text__content\">\n<p class=\"has-very-light-gray-color has-cyan-bluish-gray-background-color has-text-color has-background\"><strong>VICEPRESIDENTE<\/strong><\/p>\n\n\n\n<p><strong><strong>Luis Calahorra Fern\u00e1ndez<\/strong><br> <\/strong>Hospital General de Ciudad Real<br> 13005 Ciudad Real<br> 926.278.000 <\/p>\n<\/div><\/div>\n\n\n\n<div class=\"wp-block-media-text alignwide is-stacked-on-mobile\" style=\"grid-template-columns:15% auto\"><figure class=\"wp-block-media-text__media\"><img loading=\"lazy\" decoding=\"async\" width=\"336\" height=\"425\" src=\"https:\/\/www.acmu.net\/wp-content\/uploads\/2022\/01\/Dr-Juan-Sanz.jpg\" alt=\"\" class=\"wp-image-1022 size-full\" srcset=\"https:\/\/www.acmu.net\/wp-content\/uploads\/2022\/01\/Dr-Juan-Sanz.jpg 336w, https:\/\/www.acmu.net\/wp-content\/uploads\/2022\/01\/Dr-Juan-Sanz-237x300.jpg 237w\" sizes=\"auto, (max-width: 336px) 100vw, 336px\" \/><\/figure><div class=\"wp-block-media-text__content\">\n<p class=\"has-very-light-gray-color has-cyan-bluish-gray-background-color has-text-color has-background\"><strong>SECRETARIO<\/strong><\/p>\n\n\n\n<p><strong>Juan Luis Sanz <\/strong><\/p>\n\n\n\n<p>Hospital General de Guadalajara<br>19002 Guadalajara<br> 949.209.200<\/p>\n<\/div><\/div>\n\n\n\n<div class=\"wp-block-media-text alignwide is-stacked-on-mobile\" style=\"grid-template-columns:14% auto\"><figure class=\"wp-block-media-text__media\"><img loading=\"lazy\" decoding=\"async\" width=\"188\" height=\"165\" src=\"https:\/\/www.acmu.net\/wp-content\/uploads\/2018\/05\/logo_acmu.gif\" alt=\"\" class=\"wp-image-101 size-full\"\/><\/figure><div class=\"wp-block-media-text__content\">\n<p class=\"has-very-light-gray-color has-cyan-bluish-gray-background-color has-text-color has-background\"><strong>TESORERA<\/strong><\/p>\n\n\n\n<p>M\u00f3nica de Cabo Ripoll<br>Hospital Virgen de la Luz <br>16002 Cuenca<br>969.179.900<\/p>\n<\/div><\/div>\n\n\n\n<div class=\"wp-block-media-text alignwide is-stacked-on-mobile\" style=\"grid-template-columns:14% auto\"><figure class=\"wp-block-media-text__media\"><img loading=\"lazy\" decoding=\"async\" width=\"188\" height=\"165\" src=\"https:\/\/www.acmu.net\/wp-content\/uploads\/2018\/05\/logo_acmu.gif\" alt=\"\" class=\"wp-image-101 size-full\"\/><\/figure><div class=\"wp-block-media-text__content\">\n<p class=\"has-very-light-gray-color has-cyan-bluish-gray-background-color has-text-color has-background\"><strong>VOCAL DE ACTIVIDADES LABORALES<\/strong><\/p>\n\n\n\n<p><strong>\u00c1lvaro Barroso Manso<\/strong><br>Hospital Nacional de Parapl\u00e9jicos de Toledo<br>45004 Toledo<br>925.247.700 <\/p>\n<\/div><\/div>\n\n\n\n<div class=\"wp-block-media-text alignwide is-stacked-on-mobile\" style=\"grid-template-columns:15% auto\"><figure class=\"wp-block-media-text__media\"><img loading=\"lazy\" decoding=\"async\" width=\"188\" height=\"165\" src=\"https:\/\/www.acmu.net\/wp-content\/uploads\/2018\/05\/logo_acmu.gif\" alt=\"\" class=\"wp-image-101 size-full\"\/><\/figure><div class=\"wp-block-media-text__content\">\n<p class=\"has-very-light-gray-color has-cyan-bluish-gray-background-color has-text-color has-background\"><strong>VOCAL DE ACTIVIDADES CIENT\u00cdFICAS<\/strong><\/p>\n\n\n\n<p><strong>Jose Miguel Gim\u00e9nez Bachs<\/strong><br>Hospital General de Albacete<br>02006 Albacete<br>967.597.100 <\/p>\n<\/div><\/div>\n\n\n\n<div class=\"wp-block-media-text alignwide is-stacked-on-mobile\" style=\"grid-template-columns:16% auto\"><figure class=\"wp-block-media-text__media\"><img loading=\"lazy\" decoding=\"async\" width=\"470\" height=\"640\" src=\"https:\/\/www.acmu.net\/wp-content\/uploads\/2022\/01\/IMG_7967.jpg\" alt=\"\" class=\"wp-image-1023 size-full\" srcset=\"https:\/\/www.acmu.net\/wp-content\/uploads\/2022\/01\/IMG_7967.jpg 470w, https:\/\/www.acmu.net\/wp-content\/uploads\/2022\/01\/IMG_7967-220x300.jpg 220w\" sizes=\"auto, (max-width: 470px) 100vw, 470px\" \/><\/figure><div class=\"wp-block-media-text__content\">\n<p class=\"has-very-light-gray-color has-cyan-bluish-gray-background-color has-text-color has-background\"><strong>VOCAL DE COMUNICACI\u00d3N<\/strong><\/p>\n\n\n\n<p><strong>Jes\u00fas Mart\u00ednez Ruiz<\/strong><br>Hospital General de Albacete<br>02006 Albacete<br>967.597.100.<\/p>\n<\/div><\/div>\n\n\n\n<div class=\"wp-block-media-text alignwide is-stacked-on-mobile\" style=\"grid-template-columns:17% auto\"><figure class=\"wp-block-media-text__media\"><img loading=\"lazy\" decoding=\"async\" width=\"188\" height=\"165\" src=\"https:\/\/www.acmu.net\/wp-content\/uploads\/2018\/05\/logo_acmu.gif\" alt=\"\" class=\"wp-image-101 size-full\"\/><\/figure><div class=\"wp-block-media-text__content\">\n<p class=\"has-very-light-gray-color has-cyan-bluish-gray-background-color has-text-color has-background\"><strong>VOCAL DE RESIDENTES<\/strong><\/p>\n\n\n\n<p><strong>Mar\u00eda Casa Valencia<br> <\/strong>Hospital General de Ciudad Real<br> 13005 Ciudad Real<br> 926.278.000 <\/p>\n<\/div><\/div>\n","protected":false},"excerpt":{"rendered":"<p>PRESIDENTE Antonio Santiago Salinas S\u00e1nchezHospital General de Albacete02006 Albacete967.597.100 VICEPRESIDENTE Luis Calahorra Fern\u00e1ndez Hospital General de Ciudad Real 13005 Ciudad Real 926.278.000 SECRETARIO Juan Luis Sanz Hospital General de Guadalajara19002 Guadalajara 949.209.200 TESORERA M\u00f3nica de Cabo RipollHospital Virgen de la Luz 16002 Cuenca969.179.900 VOCAL DE ACTIVIDADES LABORALES \u00c1lvaro Barroso MansoHospital Nacional de Parapl\u00e9jicos de Toledo45004 Toledo925.247.700 VOCAL DE ACTIVIDADES CIENT\u00cdFICAS Jose Miguel Gim\u00e9nez BachsHospital General de Albacete02006 Albacete967.597.100 VOCAL DE&hellip; <\/p>\n","protected":false},"author":1,"featured_media":0,"parent":0,"menu_order":0,"comment_status":"closed","ping_status":"closed","template":"","meta":{"footnotes":""},"class_list":["post-40","page","type-page","status-publish","hentry"],"_links":{"self":[{"href":"https:\/\/www.acmu.net\/index.php?rest_route=\/wp\/v2\/pages\/40","targetHints":{"allow":["GET"]}}],"collection":[{"href":"https:\/\/www.acmu.net\/index.php?rest_route=\/wp\/v2\/pages"}],"about":[{"href":"https:\/\/www.acmu.net\/index.php?rest_route=\/wp\/v2\/types\/page"}],"author":[{"embeddable":true,"href":"https:\/\/www.acmu.net\/index.php?rest_route=\/wp\/v2\/users\/1"}],"replies":[{"embeddable":true,"href":"https:\/\/www.acmu.net\/index.php?rest_route=%2Fwp%2Fv2%2Fcomments&post=40"}],"version-history":[{"count":45,"href":"https:\/\/www.acmu.net\/index.php?rest_route=\/wp\/v2\/pages\/40\/revisions"}],"predecessor-version":[{"id":1150,"href":"https:\/\/www.acmu.net\/index.php?rest_route=\/wp\/v2\/pages\/40\/revisions\/1150"}],"wp:attachment":[{"href":"https:\/\/www.acmu.net\/index.php?rest_route=%2Fwp%2Fv2%2Fmedia&parent=40"}],"curies":[{"name":"wp","href":"https:\/\/api.w.org\/{rel}","templated":true}]}}