{"id":42,"date":"2018-05-18T17:17:25","date_gmt":"2018-05-18T17:17:25","guid":{"rendered":"http:\/\/www.acmu.net\/?page_id=42"},"modified":"2020-12-17T06:36:13","modified_gmt":"2020-12-17T05:36:13","slug":"premios","status":"publish","type":"page","link":"https:\/\/www.acmu.net\/?page_id=42","title":{"rendered":"Premios"},"content":{"rendered":"<p align=\"LEFT\"><span style=\"color: #115eac;\"><span style=\"font-family: Calibri, sans-serif;\"><span style=\"font-size: medium;\"><b>Resoluci\u00f3n del concurso de casos cl\u00ednicos 2020<\/b><\/span><\/span><\/span><\/p>\n<p><span style=\"color: #000000;\">1\u00ba Premio (300\u20ac) para Francisco Damas Arroyo, R5 del Hospital Universitario de Ciudad Real por el trabajo \u201cS\u00edndrome de Wolfram\u201d<\/span><\/p>\n<p><span style=\"color: #000000;\">2\u00ba Premio (200\u20ac) para Inmaculada D\u00edaz de Mera S\u00e1nchez Migall\u00f3n, R4 del Complejo Hospitalario Universitario de Albacete, por el trabajo: \u201cQuiste de la ves\u00edcula seminal\u201d<\/span><\/p>\n<p><span style=\"color: #000000;\">3\u00ba Premio (100\u20ac) para Laura Herr\u00e1iz Raya, R5 del Complejo Hospitalario Universitario de Albacete, por el trabajo: \u201cS\u00edndrome de Marden Warker\u201d<\/span><\/p>\n<p align=\"LEFT\"><span style=\"color: #115eac;\"><span style=\"font-family: Calibri, sans-serif;\"><span style=\"font-size: medium;\"><b><br \/>\nPremio \u00ab\u00c1ngel Rodr\u00edguez Torres\u00bb a la mejor comunicaci\u00f3n de la XLI Reuni\u00f3n Manchego &#8211; Extreme\u00f1a de Urolog\u00eda<\/b><\/span><\/span><\/span><\/p>\n<p align=\"CENTER\"><span style=\"color: #000000;\">\u201c<span style=\"font-family: Calibri, sans-serif;\"><span style=\"font-size: medium;\"><i><b>An\u00e1lisis de la incidencia de complicaciones urol\u00f3gicas en pacientes diagnosticados de c\u00e1ncer de pr\u00f3stata resistente a la castraci\u00f3n\u201d<\/b><\/i><\/span><\/span><\/span><\/p>\n<p align=\"JUSTIFY\"><span style=\"color: #000000;\"><span style=\"font-family: Calibri, sans-serif;\"><span style=\"font-size: small;\">Herraiz Raya, L.; Donate Moreno, M.J.; Armas \u00c1lvarez, A.L.; Salc\u00e9 Marte, L.; Espero Rueda, J.A.; D\u00edaz de Mera S\u00e1nchez Migall\u00f3n, I.; Morcillo Vicente, L.; Fern\u00e1ndez Anguita, P.J.; Mart\u00ednez Ru\u00edz, J.; Carri\u00f3n L\u00f3pez, P.; Pastor Navarro, H.; Mart\u00ednez Sanchiz, C.; Gim\u00e9nez Bachs, J.M.; Salinas S\u00e1nchez, A.S.; Virseda Rodr\u00edguez, J.A.<\/span><\/span><\/span><\/p>\n<p align=\"JUSTIFY\"><span style=\"color: #000000;\"><span style=\"font-family: Calibri, sans-serif;\"><span style=\"font-size: small;\">Complejo Hospitalario Universitario de Albacete.<\/span><\/span><\/span><\/p>\n<p align=\"CENTER\"><span style=\"color: #000000;\">\u201c<span style=\"font-family: Calibri, sans-serif;\"><span style=\"font-size: medium;\"><i><b>Aplicaci\u00f3n de un protocolo de STUI\/HBP en Atenci\u00f3n Primaria. An\u00e1lisis de la adecuaci\u00f3n de las derivaciones desde Atenci\u00f3n Primaria a la consulta de urolog\u00eda\u201d<\/b><\/i><\/span><\/span><\/span><\/p>\n<p align=\"JUSTIFY\"><span style=\"color: #000000;\"><span style=\"font-family: Calibri, sans-serif;\"><span style=\"font-size: small;\">Mart\u00ednez Ruiz, J.; Carri\u00f3n L\u00f3pez, C.; Gim\u00e9nez Bachs, J.M.; Pastor Navarro, H.; Donate Moreno, M.J.; Lorenzo Romero, J.; Armas \u00c1lvarez, A.; Salce Marte, L.; Esper Rueda, J.A.; Herr\u00e1iz Raya, L.; D\u00edaz de Mera Sanchez-Migall\u00f3n, I.; Fern\u00e1ndez Anguita, P.J.; Moreillo Vicente, L.; Virseda Rodr\u00edguez, J.A; Salinas S\u00e1nchez, A.<\/span><\/span><\/span><\/p>\n<p align=\"JUSTIFY\"><span style=\"color: #000000;\"><span style=\"font-family: Calibri, sans-serif;\"><span style=\"font-size: small;\">Complejo Hospitalario Universitario de Albacete<\/span><\/span><\/span><\/p>\n<p align=\"LEFT\"><strong><span style=\"color: #115eac;\"><span style=\"font-family: Calibri,sans-serif;\"><span style=\"font-size: medium;\">Premio Jos\u00e9 Oll\u00e9; al mejor video de la XL Reuni\u00f3n Manchego &#8211; Extreme\u00f1a de Urolog\u00eda<\/span><\/span><\/span><\/strong><\/p>\n<p align=\"CENTER\"><span style=\"color: #000000;\">\u201c<span style=\"font-family: Calibri, sans-serif;\"><span style=\"font-size: medium;\"><i><b>Abordaje laparosc\u00f3pico de la enfermedad metast\u00e1sica del carcinoma epidermoide de pene\u201d<\/b><\/i><\/span><\/span><\/span><\/p>\n<p align=\"JUSTIFY\"><span style=\"font-family: Calibri, sans-serif;\"><span style=\"font-size: small;\"><span style=\"color: #000000;\">P\u00e9rez-Utrilla P\u00e9rez MA, Castillo Maldonado S, L\u00f3pez Sanchez D, Puerto Puerto A, Areche Espiritusanto JM, Ladr\u00f3n Gil MC, Damas Arroyo FJ, Rodr\u00edguez L\u00f3pez S, Calahorra Fernandez L.<\/span><\/span><\/span><\/p>\n<p align=\"JUSTIFY\"><span style=\"color: #000000;\"><span style=\"font-family: Calibri, sans-serif;\"><span style=\"font-size: small;\">Hospital General de Ciudad Real.<\/span><\/span><\/span><\/p>\n<p align=\"JUSTIFY\"><span style=\"color: #115eac;\"><span style=\"font-family: Calibri, sans-serif;\"><span style=\"font-size: medium;\"><b>Premios \u00ab\u00c1ngel Rodr\u00edguez Torres\u00bb a la mejor comunicaci\u00f3n de la XL Reuni\u00f3n Manchego &#8211; Extreme\u00f1a de Urolog\u00eda<\/b><\/span><\/span><\/span><\/p>\n<p align=\"CENTER\"><span style=\"color: #000000;\">\u201c<span style=\"font-family: Calibri, sans-serif;\"><span style=\"font-size: medium;\"><i><b>Trasplantectom\u00eda renal: Experiencia en el Complejo Hospitalario Universitario de Albacete\u201d<\/b><\/i><\/span><\/span><\/span><\/p>\n<p align=\"JUSTIFY\"><span style=\"color: #000000;\"><span style=\"font-family: Calibri, sans-serif;\"><span style=\"font-size: small;\">Esper Rueda, J.A; Carri\u00f3n L\u00f3pez, P; Agust\u00ed Mart\u00ednez, A; Armas Alvarez, A; Salce Marte, L;Herr\u00e1iz Raya, L; Donate Moreno, MJ; Pastor Navarro, H; Salinas S\u00e1nchez, A.S; Gim\u00e9nez Bachs, J.M; Mart\u00ednez Ruiz, J; Martinez Sanchiz, C; Lorenzo Gonz\u00e1lez, I; Llamas Fuentes, F; Garcia Lopez, FA; Virseda Rodriguez J. <\/span><\/span><\/span><\/p>\n<p align=\"JUSTIFY\"><strong><span style=\"color: #000000;\"><span style=\"font-family: Calibri, sans-serif;\"><span style=\"font-size: small;\">Complejo Hospitalario Univesitario de Albacete<\/span><\/span><\/span><\/strong><\/p>\n<p align=\"CENTER\"><strong><span style=\"color: #000000;\">\u201c<span style=\"font-family: Calibri, sans-serif;\"><span style=\"font-size: medium;\"><i>Factores cl\u00ednicos y epidemiol\u00f3gicos implicados en la litiasis vesical de pacientes con lesi\u00f3n medular\u201d<\/i><\/span><\/span><\/span><\/strong><\/p>\n<p align=\"JUSTIFY\"><strong><span style=\"color: #000000;\"><span style=\"font-family: Calibri, sans-serif;\"><span style=\"font-size: small;\">B<\/span><\/span><\/span><\/strong><span style=\"color: #000000;\"><span style=\"font-family: Calibri, sans-serif;\"><span style=\"font-size: small;\">arroso Manso, \u00c1lvaro; V\u00edrseda Chamorro, Miguel; Salinas Casado, Jes\u00fas; Esteban Fuertes, Manuel; Torrej\u00f3n Mart\u00ednez, Mar\u00eda Jos\u00e9; G\u00f3mez Garc\u00eda, Ignacio; Buitrago Sivianes, Soledad; Sampietro Crespo, Antonio; Buend\u00eda Gonz\u00e1lez, Mar\u00eda Encarnaci\u00f3n; \u00c1lvarez Buitrago, Luis; Rubio Hidalgo, Emilio; Gordo Flores, Esther; Syed Fern\u00e1ndez,Mariano; L\u00f3pez Garc\u00eda; Moreno, Antonio Miguel; \u00c1lvarez Fern\u00e1ndez, Manuel Fernando; G\u00f3mez Rodr\u00edguez, Antonio. <\/span><\/span><\/span><\/p>\n<p align=\"JUSTIFY\"><span style=\"color: #000000;\"><span style=\"font-family: Calibri, sans-serif;\"><span style=\"font-size: small;\">Hospital Nacional de Parapl\u00e9jicos.<\/span><\/span><\/span><\/p>\n<p align=\"LEFT\"><strong><span style=\"color: #115eac;\"><span style=\"font-family: Calibri, sans-serif;\"><span style=\"font-size: medium;\">Premio \u00ab\u00c1ngel Rodr\u00edguez Torres\u00bb a la mejor comunicaci\u00f3n de la XXXI Reuni\u00f3n Manchego &#8211; Extreme\u00f1a de Urolog\u00eda<\/span><\/span><\/span><\/strong><\/p>\n<p align=\"CENTER\"><strong><span style=\"color: #000000;\">\u201c<span style=\"font-family: Calibri, sans-serif;\"><span style=\"font-size: medium;\"><i>Inicio al trasplante renal. Nuestra experiencia en el primer a\u00f1o\u201d<\/i><\/span><\/span><\/span><\/strong><\/p>\n<p align=\"JUSTIFY\"><span style=\"color: #000000;\"><span style=\"font-family: Calibri, sans-serif;\"><span style=\"font-size: small;\">Elena Buend\u00eda Gonz\u00e1lez; E. Rubio Hidalgo; A.M. L\u00f3pez Garc\u00eda-Moreno; E. Bolufer Moragues; S. Buitrago Sivianes; I. G\u00f3mez Garc\u00eda; B. Arce Casado; E. Buend\u00eda Gonz\u00e1lez; A. Sampietro Crespo; F. \u00c1lvarez Fern\u00e1ndez y A. G\u00f3mez Rodr\u00edguez<\/span><\/span><\/span><\/p>\n<p align=\"LEFT\"><strong><span style=\"color: #115eac;\"><span style=\"font-family: Calibri, sans-serif;\"><span style=\"font-size: medium;\">Premio \u00ab\u00c1ngel Rodr\u00edguez Torres\u00bb a la mejor comunicaci\u00f3n de la XXX Reuni\u00f3n Manchego &#8211; Extreme\u00f1a de Urolog\u00eda<\/span><\/span><\/span><\/strong><\/p>\n<p align=\"JUSTIFY\"><strong><span style=\"color: #000000;\"><span style=\"font-family: Calibri, sans-serif;\"><span style=\"font-size: medium;\">Premio a la mejor comunicaci\u00f3n:<\/span><\/span><\/span><\/strong><\/p>\n<p align=\"CENTER\"><strong><span style=\"color: #000000;\">\u201c<span style=\"font-family: Calibri, sans-serif;\"><span style=\"font-size: medium;\"><i>Criopreservaci\u00f3n seminal en pacientes oncol\u00f3gicos\u201d<\/i><\/span><\/span><\/span><\/strong><\/p>\n<p align=\"LEFT\"><span style=\"color: #000000;\"><span style=\"font-family: Calibri, sans-serif;\"><span style=\"font-size: small;\">J. Mateos Blanco, F. Garc\u00eda Malpartida, G. Lozano Cordero, \u00c1. Ortiz Ruiz, M.Lomas Garrido, \u00c1. Abeng\u00f3zar Garc\u00eda- Moreno y S. Asuar Aydillo. <\/span><\/span><\/span><\/p>\n<p align=\"LEFT\"><span style=\"color: #000000;\"><span style=\"font-family: Calibri, sans-serif;\"><span style=\"font-size: small;\">Hospital Infanta Cristina y Centro extreme\u00f1o de reproducci\u00f3n humana asistida. Badajoz<\/span><\/span><\/span><span style=\"color: #000000;\"><span style=\"font-family: Calibri, sans-serif;\"><span style=\"font-size: small;\">.<\/span><\/span><\/span><\/p>\n<p align=\"JUSTIFY\"><strong><span style=\"color: #000000;\"><span style=\"font-family: Calibri, sans-serif;\"><span style=\"font-size: medium;\">Premio al mejor video:<\/span><\/span><\/span><\/strong><\/p>\n<p align=\"CENTER\"><strong><span style=\"color: #000000;\">\u201c<span style=\"font-family: Calibri, sans-serif;\"><span style=\"font-size: medium;\"><i>Nefrectom\u00eda radical izquierda transperitoneal laparosc\u00f3pica por tumor renal\u201d<\/i><\/span><\/span><\/span><\/strong><\/p>\n<p align=\"JUSTIFY\"><span style=\"color: #000000;\"><span style=\"font-family: Calibri, sans-serif;\"><span style=\"font-size: small;\">M. J. Donate Moreno, R. Ruiz Mond\u00e9jar, H. Pastor Navarro, P. Carri\u00f3n L\u00f3pez, J. Mart\u00ednez Ruiz, J. A. Virseda Rodr\u00edguez.<\/span><\/span><\/span><\/p>\n<p align=\"JUSTIFY\"><span style=\"color: #000000;\"><span style=\"font-family: Calibri, sans-serif;\"><span style=\"font-size: small;\">Hospital General de Albacete<\/span><\/span><\/span><\/p>\n<p align=\"LEFT\"><strong><span style=\"color: #115eac;\"><span style=\"font-family: Calibri, sans-serif;\"><span style=\"font-size: medium;\">Premio \u00ab\u00c1ngel Rodr\u00edguez Torres\u00bb a la mejor comunicaci\u00f3n de la XXIX Reuni\u00f3n Manchego &#8211; Extreme\u00f1a de Urolog\u00eda<\/span><\/span><\/span><\/strong><\/p>\n<p align=\"CENTER\"><strong><span style=\"color: #000000;\">\u201c<span style=\"font-family: Calibri, sans-serif;\"><span style=\"font-size: medium;\">Nefritis aguda bacteriana focal. Aspectos dian\u00f3sticos y terp\u00e9uticos. Presentaci\u00f3n de un caso\u201d<\/span><\/span><\/span><\/strong><\/p>\n<p align=\"JUSTIFY\"><span style=\"color: #000000;\"><span style=\"font-family: Calibri, sans-serif;\"><span style=\"font-size: small;\">A. Fern\u00e1ndez Dur\u00e1n, j. Fern\u00e1ndez G\u00f3mez, M.T. Pastor Arquero y N. Jim\u00e9nez L\u00f3pez-Lucendo. <\/span><\/span><\/span><\/p>\n<p align=\"JUSTIFY\"><span style=\"color: #000000;\"><span style=\"font-family: Calibri, sans-serif;\"><span style=\"font-size: small;\">Hospital Guti\u00e9rrez Ortega. Valdepe\u00f1as. C-Real<\/span><\/span><\/span><\/p>\n<p align=\"LEFT\"><strong><span style=\"color: #115eac;\"><span style=\"font-family: Calibri, sans-serif;\"><span style=\"font-size: medium;\">Premio \u00ab\u00c1ngel Rodr\u00edguez Torres\u00bb a la mejor comunicaci\u00f3n de la XXVIII Reuni\u00f3n Manchego &#8211; Extreme\u00f1a de Urolog\u00eda<\/span><\/span><\/span><\/strong><\/p>\n<p align=\"CENTER\"><strong><span style=\"color: #000000;\">\u201c<span style=\"font-family: Calibri, sans-serif;\"><span style=\"font-size: medium;\"><i><b>Neuroestimulaci\u00f3n con neuroestimulador tipo Bridley en paraplejia. T\u00e9cnica quir\u00fargica.\u201c<\/b><\/i><\/span><\/span><\/span><\/strong><\/p>\n<p align=\"JUSTIFY\"><span style=\"color: #000000;\"><span style=\"font-family: Calibri, sans-serif;\"><span style=\"font-size: small;\">Melchor Gal\u00e1n, A.M.; Sanz Ferradas, J.; Iglesias Justo, A. y Ruiz Le\u00f3n, M.A. <\/span><\/span><\/span><\/p>\n<p align=\"JUSTIFY\"><span style=\"color: #000000;\"><span style=\"font-family: Calibri, sans-serif;\"><span style=\"font-size: small;\">Hospital Provincial de Toledo.<\/span><\/span><\/span><\/p>\n<p align=\"JUSTIFY\"><strong><span style=\"color: #000000;\"><span style=\"font-family: Calibri, sans-serif;\"><span style=\"font-size: medium;\">Premio al mejor video:<\/span><\/span><\/span><\/strong><\/p>\n<p align=\"CENTER\"><strong><span style=\"color: #000000;\">\u201c<span style=\"font-family: Calibri, sans-serif;\"><span style=\"font-size: medium;\"><i><b>Nefrectom\u00eda laparosc\u00f3pica\u201d<\/b><\/i><\/span><\/span><\/span><\/strong><\/p>\n<p align=\"JUSTIFY\"><span style=\"color: #000000;\"><span style=\"font-family: Calibri, sans-serif;\"><span style=\"font-size: small;\">Garc\u00eda Pe\u00f1alver, C.; Arocena Garc\u00eda-Tapia, J. y Parra Escobar, J.L. <\/span><\/span><\/span><\/p>\n<p align=\"JUSTIFY\"><span style=\"color: #000000;\"><span style=\"font-family: Calibri, sans-serif;\"><span style=\"font-size: small;\">Hospital de M\u00e9rida.<\/span><\/span><\/span><\/p>\n<p align=\"JUSTIFY\"><strong><span style=\"color: #115eac;\"><span style=\"font-family: Calibri, sans-serif;\"><span style=\"font-size: medium;\"><b>Premio \u00ab\u00c1ngel Rodr\u00edguez Torres\u00bb a la mejor comunicaci\u00f3n de la XXVII Reuni\u00f3n Manchego &#8211; Extreme\u00f1a de Urolog\u00eda<\/b><\/span><\/span><\/span><\/strong><\/p>\n<p align=\"CENTER\"><strong><span style=\"color: #000000;\">\u201c<span style=\"font-family: Calibri, sans-serif;\"><span style=\"font-size: medium;\"><i>Hipertensi\u00f3n de origen renal\u00bb<\/i><\/span><\/span><\/span><\/strong><\/p>\n<p align=\"JUSTIFY\"><span style=\"color: #000000;\"><span style=\"font-family: Calibri, sans-serif;\"><span style=\"font-size: small;\">Dr. Bernab\u00e9 Pozo Mengual y colaboradores. <\/span><\/span><\/span><\/p>\n<p align=\"JUSTIFY\"><span style=\"color: #000000;\"><span style=\"font-family: Calibri, sans-serif;\"><span style=\"font-size: small;\">Hospital General Universitario de Guadalajara.<\/span><\/span><\/span><\/p>\n<p align=\"JUSTIFY\"><strong><span style=\"color: #000000;\"><span style=\"font-family: Calibri, sans-serif;\"><span style=\"font-size: medium;\">El premio al mejor video:<\/span><\/span><\/span><\/strong><\/p>\n<p align=\"CENTER\"><strong><span style=\"color: #000000;\"><span style=\"font-family: Calibri, sans-serif;\"><span style=\"font-size: medium;\">\u00abSuprarrenalectom\u00eda izquierda laparosc\u00f3pica. Iatrogenia resuelta sin reconversi\u00f3n\u00bb\u00a0<\/span><\/span><\/span><\/strong><\/p>\n<p align=\"JUSTIFY\"><span style=\"color: #000000;\"><span style=\"font-family: Calibri, sans-serif;\"><span style=\"font-size: small;\">Dr. Antonio Garc\u00eda Gonz\u00e1lez.<\/span><\/span><\/span><\/p>\n<p align=\"JUSTIFY\"><span style=\"color: #000000;\"><span style=\"font-family: Calibri, sans-serif;\"><span style=\"font-size: small;\">Hospital San Pedro de Alc\u00e1ntara de C\u00e1ceres. <\/span><\/span><\/span><\/p>\n<p align=\"JUSTIFY\"><strong><span style=\"color: #115eac;\"><span style=\"font-family: Calibri, sans-serif;\"><span style=\"font-size: medium;\">Premio \u00ab\u00c1ngel Rodr\u00edguez Torres\u00bb a la mejor comunicaci\u00f3n de la XXVI Reuni\u00f3n Manchego &#8211; Extreme\u00f1a de Urolog\u00eda<\/span><\/span><\/span><\/strong><\/p>\n<p align=\"CENTER\"><strong><span style=\"color: #000000;\"><span style=\"font-family: Calibri, sans-serif;\"><span style=\"font-size: medium;\"><i>\u00abUtilizaci\u00f3n del esf\u00ednter artificial en incontinencia urinaria\u00bb<\/i><\/span><\/span><\/span><\/strong><\/p>\n<p align=\"JUSTIFY\"><span style=\"color: #000000;\"><span style=\"font-family: Calibri, sans-serif;\"><span style=\"font-size: small;\">Dr\u00aa. M\u00aa Jos\u00e9 Donate Moreno y colaboradores.<\/span><\/span><\/span><\/p>\n<p align=\"JUSTIFY\"><span style=\"color: #000000;\"><span style=\"font-family: Calibri, sans-serif;\"><span style=\"font-size: small;\">Complejo Hospitalario del Albacete.<\/span><\/span><\/span><\/p>\n<p align=\"JUSTIFY\"><span style=\"color: #000000;\"><span style=\"font-family: Calibri, sans-serif;\"><span style=\"font-size: medium;\">El premio al mejor video se ha concedido a <\/span><\/span><\/span><\/p>\n<p align=\"CENTER\"><strong><span style=\"color: #000000;\"><span style=\"font-family: Calibri, sans-serif;\"><span style=\"font-size: medium;\"><i>\u00abUretrectom\u00eda por via prep\u00fabica\u00bb<\/i><\/span><\/span><\/span><\/strong><\/p>\n<p align=\"JUSTIFY\"><span style=\"color: #000000;\"><span style=\"font-family: Calibri, sans-serif;\"><span style=\"font-size: small;\">Dr. A. Garc\u00eda Gonz\u00e1lez.<\/span><\/span><\/span><\/p>\n<p align=\"JUSTIFY\"><span style=\"color: #000000;\"><span style=\"font-family: Calibri, sans-serif;\"><span style=\"font-size: small;\">Hospital San Pedro de Alc\u00e1ntara de C\u00e1ceres.<\/span><\/span><\/span><\/p>\n<p align=\"JUSTIFY\"><strong><span style=\"color: #115eac;\"><span style=\"font-family: Calibri, sans-serif;\"><span style=\"font-size: medium;\">Premio \u00ab\u00c1ngel Rodr\u00edguez Torres\u00bb a la mejor comunicaci\u00f3n de la XXV Reuni\u00f3n Manchego &#8211; Extreme\u00f1a de Urolog\u00eda<\/span><\/span><\/span><\/strong><\/p>\n<p align=\"CENTER\"><strong><span style=\"color: #000000;\">\u201c<span style=\"font-family: Calibri, sans-serif;\"><span style=\"font-size: medium;\"><i>Historia de la Regional Centro-Manchego-Extreme\u00f1a de Urolog\u00eda, a trav\u00e9s de sus comunicaciones.\u201d<\/i><\/span><\/span><\/span><\/strong><\/p>\n<p align=\"JUSTIFY\"><span style=\"color: #000000;\"><span style=\"font-family: Calibri, sans-serif;\"><span style=\"font-size: small;\">Jim\u00e9nez L\u00f3pez-Lucendo, Nemesio; Fern\u00e1ndez Dur\u00e1n, \u00c1ngel; Fern\u00e1ndez G\u00f3mez, Joaqu\u00edn; Mart\u00edn Garc\u00eda, Carlos y Pastor Arquero, M\u00aa Teresa.<\/span><\/span><\/span><\/p>\n<p align=\"JUSTIFY\"><span style=\"color: #000000;\"><span style=\"font-family: Calibri, sans-serif;\"><span style=\"font-size: small;\">Hospital Guti\u00e9rrez Ortega. Servicio de Urolog\u00eda. Valdepe\u00f1as.<\/span><\/span><\/span><\/p>\n","protected":false},"excerpt":{"rendered":"<p>Resoluci\u00f3n del concurso de casos cl\u00ednicos 2020 1\u00ba Premio (300\u20ac) para Francisco Damas Arroyo, R5 del Hospital Universitario de Ciudad Real por el trabajo \u201cS\u00edndrome de Wolfram\u201d 2\u00ba Premio (200\u20ac) para Inmaculada D\u00edaz de Mera S\u00e1nchez Migall\u00f3n, R4 del Complejo Hospitalario Universitario de Albacete, por el trabajo: \u201cQuiste de la ves\u00edcula seminal\u201d 3\u00ba Premio (100\u20ac) para Laura Herr\u00e1iz Raya, R5 del Complejo Hospitalario Universitario de Albacete, por el trabajo: \u201cS\u00edndrome&hellip; <\/p>\n","protected":false},"author":1,"featured_media":0,"parent":0,"menu_order":0,"comment_status":"closed","ping_status":"closed","template":"","meta":{"footnotes":""},"class_list":["post-42","page","type-page","status-publish","hentry"],"_links":{"self":[{"href":"https:\/\/www.acmu.net\/index.php?rest_route=\/wp\/v2\/pages\/42","targetHints":{"allow":["GET"]}}],"collection":[{"href":"https:\/\/www.acmu.net\/index.php?rest_route=\/wp\/v2\/pages"}],"about":[{"href":"https:\/\/www.acmu.net\/index.php?rest_route=\/wp\/v2\/types\/page"}],"author":[{"embeddable":true,"href":"https:\/\/www.acmu.net\/index.php?rest_route=\/wp\/v2\/users\/1"}],"replies":[{"embeddable":true,"href":"https:\/\/www.acmu.net\/index.php?rest_route=%2Fwp%2Fv2%2Fcomments&post=42"}],"version-history":[{"count":9,"href":"https:\/\/www.acmu.net\/index.php?rest_route=\/wp\/v2\/pages\/42\/revisions"}],"predecessor-version":[{"id":943,"href":"https:\/\/www.acmu.net\/index.php?rest_route=\/wp\/v2\/pages\/42\/revisions\/943"}],"wp:attachment":[{"href":"https:\/\/www.acmu.net\/index.php?rest_route=%2Fwp%2Fv2%2Fmedia&parent=42"}],"curies":[{"name":"wp","href":"https:\/\/api.w.org\/{rel}","templated":true}]}}