{"id":46,"date":"2018-05-18T19:17:25","date_gmt":"2018-05-18T17:17:25","guid":{"rendered":"http:\/\/www.acmu.net\/?page_id=46"},"modified":"2024-03-19T10:07:51","modified_gmt":"2024-03-19T09:07:51","slug":"formacion","status":"publish","type":"page","link":"https:\/\/www.acmu.net\/?page_id=46","title":{"rendered":"Formaci\u00f3n"},"content":{"rendered":"\n<h3 class=\"wp-block-heading has-text-align-center\"><strong><span style=\"color: #993300;\"><strong>CONVOCATORIA DE BECA PARA FORMACI\u00d3N EN ESTUDIOS URODIN\u00c1MICOS DE LA&nbsp;<\/strong> <strong>ASOCIACI\u00d3N CASTELLANO-MANCHEGA DE UROLOG\u00cdA<\/strong><\/span><br><\/strong><\/h3>\n\n\n\n<p>La Asociaci\u00f3n Castellano Manchega de Urolog\u00eda (ACMU), con el fin de mejorar la formaci\u00f3n en Urolog\u00eda Funcional y Urodinamia CONVOCA&nbsp;2 becas para estancia corta y formaci\u00f3n en estudios urodin\u00e1micos en el Hospital Nacional de Parapl\u00e9jicos de Toledo.&nbsp;&nbsp;<\/p>\n\n\n\n<p>La finalidad de la estancia ser\u00e1  la formaci\u00f3n en estudios urodin\u00e1micos de pacientes neurol\u00f3gicos complejos. La duraci\u00f3n de cada estancia ser\u00e1 \u0301 de 5 d\u00edas en periodos a determinar conjuntamente con el Servicio de Urolog\u00eda del H.N. de Parapl\u00e9jicos de Toledo.<\/p>\n\n\n\n<p>La dotaci\u00f3n de cada beca ser\u00e1 de 600\u20ac. Los interesados deber\u00e1n presentar una breve memoria, exponiendo la motivaci\u00f3n para concurrir a dicha solicitud y objetivos a realizar durante la rotaci\u00f3n. Los destinatarios de estas becas ser\u00e1n ur\u00f3logos y residentes de la especialidad de Urolog\u00eda de Castilla la Mancha (preferentemente de tercer a\u00f1o en adelante), que sean socios de la ACMU en el \u00faltimo a\u00f1o desde la presente convocatoria y est\u00e9n al corriente de sus cuotas.&nbsp;&nbsp;<\/p>\n\n\n\n<p>Para el pago del importe de la beca se requiere la presentaci\u00f3n de una memoria econ\u00f3mica de los gastos ocasionados, as\u00ed \u0301como una breve memoria (avalada por el Servicio de Urolog\u00eda del Hospital N. de Parapl\u00e9jicos) de las actividades realizadas. En ning\u00fan caso, el importe a abonar en la beca superar\u00e1 los 600\u20ac.&nbsp;<\/p>\n\n\n\n<p>El plazo de presentaci\u00f3n de solicitudes finalizar\u00e1 el 15 de junio de 2024. La Junta Directiva, una vez evaluadas las solicitudes, comunicar\u00e1 a los interesados el fallo sobre la concesi\u00f3n de las becas.&nbsp;<\/p>\n\n\n\n<p>Las solicitudes ser\u00e1n evaluadas por la directiva de la Asociaci\u00f3n y se presentar\u00e1n por escrito, a:&nbsp;&nbsp;<\/p>\n\n\n\n<p>Dr. Antonio S. Salinas S\u00e1nchez&nbsp;<\/p>\n\n\n\n<p>Servicio de Urolog\u00eda&nbsp;<\/p>\n\n\n\n<p>Hospital General Universitario de Albacete Calle Hermanos Falc\u00f3 n\u00ba 37.&nbsp;&nbsp;02006 ALBACETE&nbsp;<\/p>\n\n\n\n<p>assalinas@sescam.jccm.es<\/p>\n\n\n\n<p>Dr. Jos\u00e9 Miguel Gim\u00e9nez Bachs&nbsp;<\/p>\n\n\n\n<p>Servicio de Urolog\u00eda&nbsp;<\/p>\n\n\n\n<p>Hospital General Universitario de Albacete Calle Hermanos Falc\u00f3 n\u00ba 37.&nbsp;&nbsp;02006 ALBACETE&nbsp;<\/p>\n\n\n\n<p>gbjosem@sescam.jccm.es<\/p>\n\n\n\n<p>Descargue las bases de la convocatoria en el siguiente enlace:<a href=\"https:\/\/www.acmu.net\/docs\/BECAURODINAMIA2024.pdf\" target=\"_blank\" rel=\"noreferrer noopener\"> Bases de la convocatoria<\/a><\/p>\n\n\n\n<h3 class=\"wp-block-heading\"><\/h3>\n","protected":false},"excerpt":{"rendered":"<p>CONVOCATORIA DE BECA PARA FORMACI\u00d3N EN ESTUDIOS URODIN\u00c1MICOS DE LA&nbsp; ASOCIACI\u00d3N CASTELLANO-MANCHEGA DE UROLOG\u00cdA La Asociaci\u00f3n Castellano Manchega de Urolog\u00eda (ACMU), con el fin de mejorar la formaci\u00f3n en Urolog\u00eda Funcional y Urodinamia CONVOCA&nbsp;2 becas para estancia corta y formaci\u00f3n en estudios urodin\u00e1micos en el Hospital Nacional de Parapl\u00e9jicos de Toledo.&nbsp;&nbsp; La finalidad de la estancia ser\u00e1 la formaci\u00f3n en estudios urodin\u00e1micos de pacientes neurol\u00f3gicos complejos. La duraci\u00f3n de cada&hellip; <\/p>\n","protected":false},"author":1,"featured_media":0,"parent":0,"menu_order":0,"comment_status":"closed","ping_status":"closed","template":"","meta":{"footnotes":""},"class_list":["post-46","page","type-page","status-publish","hentry"],"_links":{"self":[{"href":"https:\/\/www.acmu.net\/index.php?rest_route=\/wp\/v2\/pages\/46","targetHints":{"allow":["GET"]}}],"collection":[{"href":"https:\/\/www.acmu.net\/index.php?rest_route=\/wp\/v2\/pages"}],"about":[{"href":"https:\/\/www.acmu.net\/index.php?rest_route=\/wp\/v2\/types\/page"}],"author":[{"embeddable":true,"href":"https:\/\/www.acmu.net\/index.php?rest_route=\/wp\/v2\/users\/1"}],"replies":[{"embeddable":true,"href":"https:\/\/www.acmu.net\/index.php?rest_route=%2Fwp%2Fv2%2Fcomments&post=46"}],"version-history":[{"count":56,"href":"https:\/\/www.acmu.net\/index.php?rest_route=\/wp\/v2\/pages\/46\/revisions"}],"predecessor-version":[{"id":1210,"href":"https:\/\/www.acmu.net\/index.php?rest_route=\/wp\/v2\/pages\/46\/revisions\/1210"}],"wp:attachment":[{"href":"https:\/\/www.acmu.net\/index.php?rest_route=%2Fwp%2Fv2%2Fmedia&parent=46"}],"curies":[{"name":"wp","href":"https:\/\/api.w.org\/{rel}","templated":true}]}}