{"id":675,"date":"2019-03-12T23:37:41","date_gmt":"2019-03-12T22:37:41","guid":{"rendered":"http:\/\/www.acmu.net\/?page_id=675"},"modified":"2019-03-25T01:23:28","modified_gmt":"2019-03-25T00:23:28","slug":"socios","status":"publish","type":"page","link":"https:\/\/www.acmu.net\/?page_id=675","title":{"rendered":"Socios"},"content":{"rendered":"\n<p style=\"text-align:left\">Si deseas ser nuevo socio solicita  tu incorporaci\u00f3n rellenando el siguiente formulario. Enviaremos a tu correo electr\u00f3nico facilitado la documentaci\u00f3n que necesitamos que no remitas.<\/p>\n\n\n\n<div class=\"caldera-grid\" id=\"caldera_form_1\" data-cf-ver=\"1.9.6\" data-cf-form-id=\"CF5c981a3859399\"><div id=\"caldera_notices_1\" data-spinner=\"https:\/\/www.acmu.net\/wp-admin\/images\/spinner.gif\"><\/div><form data-instance=\"1\" class=\"CF5c981a3859399 caldera_forms_form cfajax-trigger\" method=\"POST\" enctype=\"multipart\/form-data\" id=\"CF5c981a3859399_1\" data-form-id=\"CF5c981a3859399\" aria-label=\"Socio\" data-target=\"#caldera_notices_1\" data-template=\"#cfajax_CF5c981a3859399-tmpl\" data-cfajax=\"CF5c981a3859399\" data-load-element=\"_parent\" data-load-class=\"cf_processing\" data-post-disable=\"0\" data-action=\"cf_process_ajax_submit\" data-request=\"https:\/\/www.acmu.net\/?cf_api=CF5c981a3859399\" data-hiderows=\"true\">\r\n<input type=\"hidden\" id=\"_cf_verify_CF5c981a3859399\" name=\"_cf_verify\" value=\"970e83b53b\"  data-nonce-time=\"1777457701\" \/><input type=\"hidden\" name=\"_wp_http_referer\" value=\"\/index.php?rest_route=%2Fwp%2Fv2%2Fpages%2F675\" \/><div id=\"cf2-CF5c981a3859399_1\"><\/div><input type=\"hidden\" name=\"_cf_frm_id\" value=\"CF5c981a3859399\">\r\n<input type=\"hidden\" name=\"_cf_frm_ct\" value=\"1\">\r\n<input type=\"hidden\" name=\"cfajax\" value=\"CF5c981a3859399\">\r\n<input type=\"hidden\" name=\"_cf_cr_pst\" value=\"675\">\r\n<div class=\"hide\" style=\"display:none; overflow:hidden;height:0;width:0;\">\r\n<label>Web Site<\/label><input type=\"text\" name=\"web_site\" value=\"\" autocomplete=\"off\">\r\n<\/div><div id=\"CF5c981a3859399_1-row-1\"  class=\"row  first_row\"><div  class=\"col-sm-4  first_col\"><div data-field-wrapper=\"fld_8768091\" class=\"form-group\" id=\"fld_8768091_1-wrap\">\r\n\t<label id=\"fld_8768091Label\" for=\"fld_8768091_1\" class=\"control-label\">Nombre de pila <span aria-hidden=\"true\" role=\"presentation\" class=\"field_required\" style=\"color:#ee0000;\">*<\/span><\/label>\r\n\t<div class=\"\">\r\n\t\t<input   required type=\"text\" data-field=\"fld_8768091\" class=\" form-control\" id=\"fld_8768091_1\" name=\"fld_8768091\" value=\"\" data-type=\"text\" aria-required=\"true\"   aria-labelledby=\"fld_8768091Label\" >\t\t\t<\/div>\r\n<\/div>\r\n<\/div><div  class=\"col-sm-4 \"><div data-field-wrapper=\"fld_9970286\" class=\"form-group\" id=\"fld_9970286_1-wrap\">\r\n\t<label id=\"fld_9970286Label\" for=\"fld_9970286_1\" class=\"control-label\">Apellidos <span aria-hidden=\"true\" role=\"presentation\" class=\"field_required\" style=\"color:#ee0000;\">*<\/span><\/label>\r\n\t<div class=\"\">\r\n\t\t<input   required type=\"text\" data-field=\"fld_9970286\" class=\" form-control\" id=\"fld_9970286_1\" name=\"fld_9970286\" value=\"\" data-type=\"text\" aria-required=\"true\"   aria-labelledby=\"fld_9970286Label\" >\t\t\t<\/div>\r\n<\/div>\r\n<\/div><div  class=\"col-sm-4  last_col\"><div data-field-wrapper=\"fld_6009157\" class=\"form-group\" id=\"fld_6009157_1-wrap\">\r\n\t<label id=\"fld_6009157Label\" for=\"fld_6009157_1\" class=\"control-label\">Direcci\u00f3n email <span aria-hidden=\"true\" role=\"presentation\" class=\"field_required\" style=\"color:#ee0000;\">*<\/span><\/label>\r\n\t<div class=\"\">\r\n\t\t<input   required type=\"email\" data-field=\"fld_6009157\" class=\" form-control\" id=\"fld_6009157_1\" name=\"fld_6009157\" value=\"\" data-type=\"email\" aria-required=\"true\"   aria-labelledby=\"fld_6009157Label\" >\t\t\t<\/div>\r\n<\/div>\r\n<\/div><\/div><div id=\"CF5c981a3859399_1-row-2\"  class=\"row \"><div  class=\"col-sm-12  single\"><div data-field-wrapper=\"fld_2214476\" class=\"form-group\" id=\"fld_2214476_1-wrap\">\r\n\t<label id=\"fld_2214476Label\" for=\"fld_2214476_1\" class=\"control-label\">Centro de Trabajo <span aria-hidden=\"true\" role=\"presentation\" class=\"field_required\" style=\"color:#ee0000;\">*<\/span><\/label>\r\n\t<div class=\"\">\r\n\t\t<input   required type=\"text\" data-field=\"fld_2214476\" class=\" form-control\" id=\"fld_2214476_1\" name=\"fld_2214476\" value=\"\" data-type=\"text\" aria-required=\"true\"   aria-labelledby=\"fld_2214476Label\" >\t\t\t<\/div>\r\n<\/div>\r\n<div data-field-wrapper=\"fld_5734777\" class=\"form-group\" id=\"fld_5734777_1-wrap\">\r\n\t<label id=\"fld_5734777Label\" for=\"fld_5734777_1\" class=\"control-label\">N\u00famero de tel\u00e9fono<\/label>\r\n\t<div class=\"\">\r\n\t\t<input  data-inputmask=\"'mask': '999999999'\"   type=\"phone\" data-field=\"fld_5734777\" class=\" form-control\" id=\"fld_5734777_1\" name=\"fld_5734777\" value=\"\" data-type=\"phone\"   aria-labelledby=\"fld_5734777Label\" >\t\t\t<\/div>\r\n<\/div>\r\n<div data-field-wrapper=\"fld_3358612\" class=\"form-group\" id=\"fld_3358612_1-wrap\">\r\n\t<label id=\"fld_3358612Label\" for=\"fld_3358612_1\" class=\"control-label\">DNI\/Pasaporte <span aria-hidden=\"true\" role=\"presentation\" class=\"field_required\" style=\"color:#ee0000;\">*<\/span><\/label>\r\n\t<div class=\"\">\r\n\t\t<input   required type=\"text\" data-field=\"fld_3358612\" class=\" form-control\" id=\"fld_3358612_1\" name=\"fld_3358612\" value=\"\" data-type=\"text\" aria-required=\"true\"   aria-labelledby=\"fld_3358612Label\" >\t\t\t<\/div>\r\n<\/div>\r\n<div data-field-wrapper=\"fld_9730725\" class=\"form-group\" id=\"fld_9730725_1-wrap\">\r\n\t<label id=\"fld_9730725Label\" for=\"fld_9730725_1\" class=\"control-label screen-reader-text sr-only\">Domiciliaci\u00f3n<\/label>\r\n\t<div class=\"\">\r\n\t\t\t\t\t\t\n                <label  class=\"checkbox-inline\"                        for=\"fld_9730725_1_opt1420799\"\n                >\n                            <input\n                                data-parsley-required=\"true\" data-parsley-group=\"fld_9730725_1\" data-parsley-multiple=\"fld_9730725_1\"                                type=\"checkbox\"\n                                data-label=\"Autoriozo a que me remitan la documentaci\u00f3n para la domiciliaci\u00f3n bancaria\"\n                                data-field=\"fld_9730725\"\n                                id=\"fld_9730725_1_opt1420799\"\n                                class=\"fld_9730725_1 option-required\"\n                                name=\"fld_9730725[opt1420799]\"\n                                value=\"Autoriozo a que me remitan la documentaci\u00f3n para la domiciliaci\u00f3n bancaria\"\n                                                                data-type=\"checkbox\"\n                                data-checkbox-field=\"fld_9730725_1\"\n                                                                data-calc-value=\"Autoriozo a que me remitan la documentaci\u00f3n para la domiciliaci\u00f3n bancaria\"\n                            >\n                    Autoriozo a que me remitan la documentaci\u00f3n para la domiciliaci\u00f3n bancaria                <\/label>\n\n                \t\t\t\t\t\t\t<\/div>\r\n<\/div>\r\n<\/div><\/div><div id=\"CF5c981a3859399_1-row-3\"  class=\"row  last_row\"><div  class=\"col-sm-12  single\"><div data-field-wrapper=\"fld_7908577\" class=\"form-group\" id=\"fld_7908577_1-wrap\">\r\n<div class=\"\">\r\n\t<input  class=\"btn btn-default\" type=\"submit\" name=\"fld_7908577\" id=\"fld_7908577_1\" value=\"Enviar Mensaje\" data-field=\"fld_7908577\"  >\n<\/div>\r\n<\/div>\r\n\t<input class=\"button_trigger_1\" type=\"hidden\" name=\"fld_7908577\" id=\"fld_7908577_1_btn\" value=\"\" data-field=\"fld_7908577\"  \/>\n<\/div><\/div><\/form>\r\n<\/div>\r\n\n\n\n\n<p style=\"color:#6a0a1f\" class=\"has-text-color has-medium-font-size\">MODIFICACI\u00d3N DE DATOS<\/p>\n\n\n\n<p>Si ya eres socio y quieres modificar tus datos, descarga el documento adjunto y env\u00edalo firmado juntos a tus datos personales utilizando el siguiente formulario.<\/p>\n\n\n\n<div class=\"wp-block-image\"><figure class=\"aligncenter is-resized\"><img loading=\"lazy\" decoding=\"async\" src=\"https:\/\/www.acmu.net\/wp-content\/uploads\/2019\/03\/CI.png\" alt=\"\" class=\"wp-image-698\" width=\"146\" height=\"213\" srcset=\"https:\/\/www.acmu.net\/wp-content\/uploads\/2019\/03\/CI.png 544w, https:\/\/www.acmu.net\/wp-content\/uploads\/2019\/03\/CI-206x300.png 206w\" sizes=\"auto, (max-width: 146px) 100vw, 146px\" \/><figcaption><a href=\"https:\/\/www.acmu.net\/docs\/Consentimientodatos.pdf\" target=\"_blank\" rel=\"noreferrer noopener\" aria-label=\"Descarga (abre en una nueva pesta\u00f1a)\">Descarga<\/a><\/figcaption><\/figure><\/div>\n\n\n\n<div class=\"caldera-grid\" id=\"caldera_form_2\" data-cf-ver=\"1.9.6\" data-cf-form-id=\"CF5c981d6aaa9ac\"><div id=\"caldera_notices_2\" data-spinner=\"https:\/\/www.acmu.net\/wp-admin\/images\/spinner.gif\"><\/div><form data-instance=\"2\" class=\"CF5c981d6aaa9ac caldera_forms_form cfajax-trigger\" method=\"POST\" enctype=\"multipart\/form-data\" id=\"CF5c981d6aaa9ac_2\" data-form-id=\"CF5c981d6aaa9ac\" aria-label=\"Modificaci&oacute;n\" data-target=\"#caldera_notices_2\" data-template=\"#cfajax_CF5c981d6aaa9ac-tmpl\" data-cfajax=\"CF5c981d6aaa9ac\" data-load-element=\"_parent\" data-load-class=\"cf_processing\" data-post-disable=\"0\" data-action=\"cf_process_ajax_submit\" data-request=\"https:\/\/www.acmu.net\/?cf_api=CF5c981d6aaa9ac\" data-hiderows=\"true\">\r\n<input type=\"hidden\" id=\"_cf_verify_CF5c981d6aaa9ac\" name=\"_cf_verify\" value=\"14b0894ba6\"  data-nonce-time=\"1777457701\" \/><input type=\"hidden\" name=\"_wp_http_referer\" value=\"\/index.php?rest_route=%2Fwp%2Fv2%2Fpages%2F675\" \/><div id=\"cf2-CF5c981d6aaa9ac_2\"><\/div><input type=\"hidden\" name=\"_cf_frm_id\" value=\"CF5c981d6aaa9ac\">\r\n<input type=\"hidden\" name=\"_cf_frm_ct\" value=\"2\">\r\n<input type=\"hidden\" name=\"cfajax\" value=\"CF5c981d6aaa9ac\">\r\n<input type=\"hidden\" name=\"_cf_cr_pst\" value=\"675\">\r\n<div class=\"hide\" style=\"display:none; overflow:hidden;height:0;width:0;\">\r\n<label>Order Number<\/label><input type=\"text\" name=\"order_number\" value=\"\" autocomplete=\"off\">\r\n<\/div><div id=\"CF5c981d6aaa9ac_2-row-1\"  class=\"row  first_row\"><div  class=\"col-sm-4  first_col\"><div data-field-wrapper=\"fld_8768091\" class=\"form-group\" id=\"fld_8768091_2-wrap\">\r\n\t<label id=\"fld_8768091Label\" for=\"fld_8768091_2\" class=\"control-label\">Nombre de pila <span aria-hidden=\"true\" role=\"presentation\" class=\"field_required\" style=\"color:#ee0000;\">*<\/span><\/label>\r\n\t<div class=\"\">\r\n\t\t<input   required type=\"text\" data-field=\"fld_8768091\" class=\" form-control\" id=\"fld_8768091_2\" name=\"fld_8768091\" value=\"\" data-type=\"text\" aria-required=\"true\"   aria-labelledby=\"fld_8768091Label\" >\t\t\t<\/div>\r\n<\/div>\r\n<\/div><div  class=\"col-sm-4 \"><div data-field-wrapper=\"fld_9970286\" class=\"form-group\" id=\"fld_9970286_2-wrap\">\r\n\t<label id=\"fld_9970286Label\" for=\"fld_9970286_2\" class=\"control-label\">Apellidos <span aria-hidden=\"true\" role=\"presentation\" class=\"field_required\" style=\"color:#ee0000;\">*<\/span><\/label>\r\n\t<div class=\"\">\r\n\t\t<input   required type=\"text\" data-field=\"fld_9970286\" class=\" form-control\" id=\"fld_9970286_2\" name=\"fld_9970286\" value=\"\" data-type=\"text\" aria-required=\"true\"   aria-labelledby=\"fld_9970286Label\" >\t\t\t<\/div>\r\n<\/div>\r\n<\/div><div  class=\"col-sm-4  last_col\"><div data-field-wrapper=\"fld_6009157\" class=\"form-group\" id=\"fld_6009157_2-wrap\">\r\n\t<label id=\"fld_6009157Label\" for=\"fld_6009157_2\" class=\"control-label\">Direcci\u00f3n email <span aria-hidden=\"true\" role=\"presentation\" class=\"field_required\" style=\"color:#ee0000;\">*<\/span><\/label>\r\n\t<div class=\"\">\r\n\t\t<input   required type=\"email\" data-field=\"fld_6009157\" class=\" form-control\" id=\"fld_6009157_2\" name=\"fld_6009157\" value=\"\" data-type=\"email\" aria-required=\"true\"   aria-labelledby=\"fld_6009157Label\" >\t\t\t<\/div>\r\n<\/div>\r\n<\/div><\/div><div id=\"CF5c981d6aaa9ac_2-row-2\"  class=\"row \"><div  class=\"col-sm-12  single\"><div data-field-wrapper=\"fld_2214476\" class=\"form-group\" id=\"fld_2214476_2-wrap\">\r\n\t<label id=\"fld_2214476Label\" for=\"fld_2214476_2\" class=\"control-label\">Centro de Trabajo <span aria-hidden=\"true\" role=\"presentation\" class=\"field_required\" style=\"color:#ee0000;\">*<\/span><\/label>\r\n\t<div class=\"\">\r\n\t\t<input   required type=\"text\" data-field=\"fld_2214476\" class=\" form-control\" id=\"fld_2214476_2\" name=\"fld_2214476\" value=\"\" data-type=\"text\" aria-required=\"true\"   aria-labelledby=\"fld_2214476Label\" >\t\t\t<\/div>\r\n<\/div>\r\n<div data-field-wrapper=\"fld_5734777\" class=\"form-group\" id=\"fld_5734777_2-wrap\">\r\n\t<label id=\"fld_5734777Label\" for=\"fld_5734777_2\" class=\"control-label\">N\u00famero de tel\u00e9fono<\/label>\r\n\t<div class=\"\">\r\n\t\t<input  data-inputmask=\"'mask': '999999999'\"   type=\"phone\" data-field=\"fld_5734777\" class=\" form-control\" id=\"fld_5734777_2\" name=\"fld_5734777\" value=\"\" data-type=\"phone\"   aria-labelledby=\"fld_5734777Label\" >\t\t\t<\/div>\r\n<\/div>\r\n<div data-field-wrapper=\"fld_3358612\" class=\"form-group\" id=\"fld_3358612_2-wrap\">\r\n\t<label id=\"fld_3358612Label\" for=\"fld_3358612_2\" class=\"control-label\">DNI\/Pasaporte <span aria-hidden=\"true\" role=\"presentation\" class=\"field_required\" style=\"color:#ee0000;\">*<\/span><\/label>\r\n\t<div class=\"\">\r\n\t\t<input   required type=\"text\" data-field=\"fld_3358612\" class=\" form-control\" id=\"fld_3358612_2\" name=\"fld_3358612\" value=\"\" data-type=\"text\" aria-required=\"true\"   aria-labelledby=\"fld_3358612Label\" >\t\t\t<\/div>\r\n<\/div>\r\n<div data-field-wrapper=\"fld_244638\" class=\"form-group\" id=\"fld_244638_2-wrap\">\r\n\t<label id=\"fld_244638Label\" for=\"fld_244638_2\" class=\"control-label screen-reader-text sr-only\">Modificacion<\/label>\r\n\t<div class=\"file-prevent-overflow\">\r\n\t\t<div id=\"fld_244638_2_file_list\" class=\"cf-multi-uploader-list\"><\/div>\n\t\t\t\t<input type=\"file\" name=\"fld_244638\" value=\"\" data-field=\"fld_244638\" class=\"\" id=\"fld_244638_2\" data-controlid=\"trupl69f1da2558717\"   required=\"required\"   aria-labelledby=\"fld_244638Label\">\n\t\t<input type=\"hidden\" name=\"fld_244638\" value=\"trupl69f1da2558717\">\n\t\t\t<\/div>\r\n<\/div>\r\n<div data-field-wrapper=\"fld_2495886\" class=\"form-group\" id=\"fld_2495886_2-wrap\">\r\n\t<label id=\"fld_2495886Label\" for=\"fld_2495886_2\" class=\"control-label\">\u00bfModificar\u00e1 los datos de domiciliaci\u00f3n bancaria? <span aria-hidden=\"true\" role=\"presentation\" class=\"field_required\" style=\"color:#ee0000;\">*<\/span><\/label>\r\n\t<div class=\"\">\r\n\t\t<select name=\"fld_2495886\" value=\"\" data-field=\"fld_2495886\" class=\"form-control\" id=\"fld_2495886_2\"  required=\"required\"  aria-labelledby=\"fld_2495886Label\" >\n\t\t<option value=\"\"><\/option>\r\n\t\t\t\t\t<option value=\"SI\"  data-calc-value=\"SI\" >\n\t\t\t\t\t\tSI\t\t\t\t\t<\/option>\n\t\t\t\t\t\t\t\t\t\t<option value=\"NO\"  data-calc-value=\"NO\" >\n\t\t\t\t\t\tNO\t\t\t\t\t<\/option>\n\t\t\t\t\t\t\t<\/select>\n\t\t\t<\/div>\r\n<\/div>\r\n<\/div><\/div><div id=\"CF5c981d6aaa9ac_2-row-3\"  class=\"row  last_row\"><div  class=\"col-sm-12  single\"><div data-field-wrapper=\"fld_7908577\" class=\"form-group\" id=\"fld_7908577_2-wrap\">\r\n<div class=\"\">\r\n\t<input  class=\"btn btn-default\" type=\"submit\" name=\"fld_7908577\" id=\"fld_7908577_2\" value=\"Enviar Mensaje\" data-field=\"fld_7908577\"  >\n<\/div>\r\n<\/div>\r\n\t<input class=\"button_trigger_2\" type=\"hidden\" name=\"fld_7908577\" id=\"fld_7908577_2_btn\" value=\"\" data-field=\"fld_7908577\"  \/>\n<\/div><\/div><\/form>\r\n<\/div>\r\n\n","protected":false},"excerpt":{"rendered":"<p>Si deseas ser nuevo socio solicita tu incorporaci\u00f3n rellenando el siguiente formulario. Enviaremos a tu correo electr\u00f3nico facilitado la documentaci\u00f3n que necesitamos que no remitas. MODIFICACI\u00d3N DE DATOS Si ya eres socio y quieres modificar tus datos, descarga el documento adjunto y env\u00edalo firmado juntos a tus datos personales utilizando el siguiente formulario.<\/p>\n","protected":false},"author":1,"featured_media":0,"parent":0,"menu_order":0,"comment_status":"closed","ping_status":"closed","template":"","meta":{"footnotes":""},"class_list":["post-675","page","type-page","status-publish","hentry"],"_links":{"self":[{"href":"https:\/\/www.acmu.net\/index.php?rest_route=\/wp\/v2\/pages\/675","targetHints":{"allow":["GET"]}}],"collection":[{"href":"https:\/\/www.acmu.net\/index.php?rest_route=\/wp\/v2\/pages"}],"about":[{"href":"https:\/\/www.acmu.net\/index.php?rest_route=\/wp\/v2\/types\/page"}],"author":[{"embeddable":true,"href":"https:\/\/www.acmu.net\/index.php?rest_route=\/wp\/v2\/users\/1"}],"replies":[{"embeddable":true,"href":"https:\/\/www.acmu.net\/index.php?rest_route=%2Fwp%2Fv2%2Fcomments&post=675"}],"version-history":[{"count":16,"href":"https:\/\/www.acmu.net\/index.php?rest_route=\/wp\/v2\/pages\/675\/revisions"}],"predecessor-version":[{"id":967,"href":"https:\/\/www.acmu.net\/index.php?rest_route=\/wp\/v2\/pages\/675\/revisions\/967"}],"wp:attachment":[{"href":"https:\/\/www.acmu.net\/index.php?rest_route=%2Fwp%2Fv2%2Fmedia&parent=675"}],"curies":[{"name":"wp","href":"https:\/\/api.w.org\/{rel}","templated":true}]}}